{"id":12,"date":"2008-01-27T18:27:49","date_gmt":"2008-01-27T17:27:49","guid":{"rendered":"http:\/\/eumel59.de\/wordpress3\/?page_id=15"},"modified":"2025-08-24T13:08:42","modified_gmt":"2025-08-24T12:08:42","slug":"channelings","status":"publish","type":"page","link":"https:\/\/elindra.de\/?page_id=12","title":{"rendered":"Die heilige Rose vereint mit Mu"},"content":{"rendered":"<p align=\"center\"><span style=\"color: #000080;\"><em>Die Rose ist seit jeher das Symbol der Liebe<\/em><\/span><\/p>\n<p align=\"center\"><span style=\"color: #000080;\"><em>und dies nicht nur auf unserer Erde, sondern auch in den Ebenen der Sterne. <\/em><\/span><\/p>\n<p align=\"center\"><span style=\"color: #000080;\"><em>Nun fragte ich mich, wieso ist dem so? <\/em><\/span><\/p>\n<p align=\"center\"><span style=\"color: #000080;\"><em>Fragen \u00fcber Fragen gebaren sich aus dieser ersten Frage. Fragen, auf die ich keine Antworten wusste. <\/em><\/span><\/p>\n<p align=\"center\"><span style=\"color: #000080;\"><em>Doch je mehr ich mich mit Sternenwesen besch\u00e4ftigte, durfte ich erkennen, wie heilig f\u00fcr sie die Rose als Tr\u00e4gerin der Liebe war.<\/em><\/span><\/p>\n<p align=\"center\"><span style=\"color: #000080;\"><em>Stets achtungsvoll nahmen sie die Rose aus meinem Herzen, gef\u00fcllt mit meiner Liebe f\u00fcr sie, in ihr Herz hinein. <\/em><\/span><\/p>\n<p align=\"center\"><span style=\"color: #000080;\"><em>Darum hoffe ich:<br \/>\n<\/em><\/span><\/p>\n<p align=\"center\"><span style=\"color: #000080;\"><em> Die Rosen m\u00f6gen wieder erbl\u00fchen in unseren Herzen, gef\u00fcllt mit der Liebe zu uns selbst.<br \/>\n<\/em><\/span><\/p>\n<p align=\"center\"><span style=\"color: #000080;\"><em>Denn nur wer sich selbst liebt, kann auch andere lieben!<\/em><\/span><\/p>\n<p><span style=\"color: #000080;\">\u00a0<\/span><\/p>\n<p style=\"text-align: center;\"><span style=\"color: #ffffff;\">.<\/span><\/p>\n<h1 align=\"CENTER\"><span style=\"text-decoration: underline;\"><strong><em><span style=\"color: #000080; text-decoration: underline;\"><span style=\"font-size: x-large; color: #000080; text-decoration: underline;\">Die Heilkraft der Rose<\/span><\/span><\/em><\/strong><\/span><\/h1>\n<p style=\"text-align: center;\"><span style=\"color: #000080;\">Inge Schmitzberger\u00a0<\/span><\/p>\n<p><span style=\"color: #ffffff;\">.<\/span><\/p>\n<p><strong><span style=\"color: #000080;\"><span style=\"font-size: medium;\"><span style=\"text-decoration: underline;\">Warum ist die Rose die Blume der Liebe und dieses nicht nur hier auf Erden?<\/span><\/span><\/span><\/strong><\/p>\n<p><span style=\"font-size: medium; color: #000080;\">Kurz bevor die ungeheilte Dualit\u00e4t auf die Erde hereinbrach, wurde eine Blume von Sternenwesen aus dem Sternenhaufen Virgo als ihr Geschenk an uns Menschen auf die Erde gebracht. Diese Blume nannte man Rose.<\/span><\/p>\n<p><span style=\"font-size: medium; color: #000080;\">Als die ungeheilte Dualit\u00e4t immer n\u00e4her auf die Erde zukam, erkannten die Priester Lemuriens, dass diese Welle der Zerst\u00f6rung auch das gr\u00f6\u00dfte Heiligtum Lemuriens nicht verschonen w\u00fcrde. Alles w\u00fcrde verw\u00fcstet werden, auch der heilige <a title=\"Lemurien\" href=\"http:\/\/elindra.de\/?page_id=443\" target=\"_blank\" rel=\"noopener noreferrer\">Kristall Lemuriens indem die g\u00f6ttliche Liebe integriert war \u2013 auch Mu<\/a> genannt. Die Aufgabe der Priester war es bis dahin diesen Kristall zu beh\u00fcten und seine in ihm schwingende Liebe \u00fcber die Erde zu verteilen. Doch nun sahen die Priester seine Zerst\u00f6rung voraus und sie erkannten, dass sie ihn schnellstens in Sicherheit bringen mussten. So fassten sie den Entschluss ihn in die 5. Dimension zu erheben. Denn seine Zerst\u00f6rung h\u00e4tte fatale Folgen f\u00fcr alles Leben auf der Erde und sogar f\u00fcr das ganze Universum gebracht. <\/span><\/p>\n<p><span style=\"font-size: medium; color: #000080;\">Doch die Priester Lemuriens wollten die Erde und ihre Wesen nicht g\u00e4nzlich ohne Liebe zur\u00fccklassen, denn allein schon dieses h\u00e4tte wom\u00f6glich die Erde und alle Bewohner in ewige Dunkelheit gest\u00fcrzt. So baten die Priester die Rose um Unterst\u00fctzung und die Rose willigte ein. Somit gab der heilige Kristall einen Teil seiner g\u00f6ttlichen Liebesenergie in die Rose hinein. Damit die Liebe nicht g\u00e4nzlich auf der Erde und somit f\u00fcr die Menschheit verschwand. Die Rose hielt die Liebe auf der Erde so gut sie konnte \u00fcber die folgende \u00c4ra der Finsternis. Auf dass die Liebe auf der Erde nie ganz verschwand und die g\u00f6ttliche Liebe Lemuriens eines Tages wieder zur\u00fcckkehren konnte.<\/span><br \/>\n<span id=\"more-1789\"><\/span><\/p>\n<p><span style=\"font-size: medium; color: #000080;\">Aber nicht nur hier auf der Erde ist die Rose als eine Blume der Liebe bekannt. Einst wuchsen die Rosen auf allen Planeten, so wie auf der Erde und auch dort \u00fcberall war die Rose bekannt als die Blume der Liebe. Doch dann brach die ungeheilte Dualit\u00e4t \u00fcber unser Universum herein und vernichtete auf allen Planeten bis auf der Erde alle Rosengew\u00e4chse. Aber die Alten eines jeden Volkes hielten das Wissen \u00fcber die Rose und ihre Energie der Liebe in ihren Analen f\u00fcr die zuk\u00fcnftigen Generationen fest. Damit sie sich wieder erinnern konnten, wenn ihnen in ferner Zukunft eine Rose \u00fcberreicht werden w\u00fcrde. Damit sie sich erinnern konnten, welche Bedeutung die Rose f\u00fcr sie, f\u00fcr das ganze Universum trug. Die Rose beinhaltet auch heute noch f\u00fcr sie die Liebe und steht f\u00fcr die Heilung und f\u00fcr den Aufstieg des ganzen Universums.<\/span><\/p>\n<p><span style=\"font-size: medium; color: #000080;\">Viele Jahrhunderte vergingen und viele Sternenv\u00f6lker verga\u00dfen die alten Prophezeiungen ihrer V\u00e4ter \u00fcber die Rose und die Geschichte der Rose r\u00fcckte immer mehr in die Spalte der M\u00e4rchen und Legenden ab. Keiner glaubte mehr daran, dass es die Rose \u00fcberhaupt noch irgendwo im Universum gab. Geschweige denn, dass sie ihnen jemals von irgendjemanden \u00fcberreicht werden w\u00fcrde.<\/span><\/p>\n<p><span style=\"font-size: medium; color: #000080;\">Doch nun ist die Zeit der Heilung und mit Freude \u00fcberreiche ich jedem Sternenvolk eine Rose der Liebe aus meinem Herzen und erinnere sie damit an ihre Heilung. Manchmal ben\u00f6tigen sie etwas Zeit, um sich an die Rose und f\u00fcr was sie alles steht zu erinnern. Manchmal bedarf es auch, dass ich sie erinnere in ihren alten Analen zu lesen. Doch schlussendlich nehmen sie nur zu gerne mein Geschenk in ihr Herz auf.<\/span><\/p>\n<p><span style=\"font-size: medium;\"><span style=\"color: #000080;\">Die Rose tr\u00e4gt aber nicht nur die Liebe in sich. Sie ist auch \u00e4u\u00dferst machtvoll und kraftvoll. Auf meinen geistigen Reisen \u00f6ffnet sie mir T\u00fcr und Tor zu alle Ebenen und zu allen Sternenv\u00f6lker. Ihre Heilkraft ist immens und ihre Liebe f\u00fcr alles was ist ebenfalls. Die Rose war schon immer ein Gew\u00e4chs der Liebe und dient der g\u00f6ttlichen Liebe und allen Wesenheiten. Sie f\u00f6rdert die pers\u00f6nliche Heilung, wenn man sie im Herzen tr\u00e4gt.<\/span><\/span><\/p>\n<p><strong><span style=\"color: #000080;\"><span style=\"font-size: medium;\"><span style=\"text-decoration: underline;\">Wissen \u00fcber die heilige Rose:<\/span><\/span><\/span><\/strong><\/p>\n<p><span style=\"font-size: medium; color: #000080;\">Liebesfoken, die in der heiligen Rose integriert sind:<\/span><\/p>\n<ul>\n<li><span style=\"font-size: medium;\"><span style=\"color: #000080;\"><a title=\"Lemurien\" href=\"http:\/\/elindra.de\/?page_id=443\">Mu = die g\u00f6ttliche Liebe Lemuriens<\/a>, welche auch die Liebe der Materie ist und somit ebenso die Liebe unserer physischen K\u00f6rper<\/span> <\/span><\/li>\n<\/ul>\n<ul>\n<li><span style=\"font-size: medium;\"><span style=\"color: #000080;\">Die Liebe von Mutter Gaia<\/span> <\/span><\/li>\n<li><span style=\"font-size: medium;\"><span style=\"color: #000080;\">Die Liebesschwingung der<a title=\"Meditation MU + 5. Dimension\" href=\"http:\/\/elindra.de\/?p=787\" target=\"_blank\" rel=\"noopener noreferrer\"> 5. Dimension<\/a><\/span> <\/span><\/li>\n<li><span style=\"font-size: medium;\"><span style=\"color: #000080;\">Die Liebesschwingung der<a title=\"Meditation MU + 5. Dimension\" href=\"http:\/\/elindra.de\/?p=787\" target=\"_blank\" rel=\"noopener noreferrer\"> geheilten Dualit\u00e4t<\/a><\/span> <\/span><\/li>\n<li><span style=\"color: #000080;\"><span style=\"font-size: medium;\"><span style=\"color: #000080;\">Die heilende Liebe der <a title=\"Alles ist Liebe und Licht\" href=\"http:\/\/elindra.de\/?p=800\">Quelle Allen Seins <\/a><\/span><\/span><\/span><\/li>\n<\/ul>\n<ul>\n<li><span style=\"font-size: medium; color: #000080;\">Durch die Vereinigung dieser Liebesaspekte wurde die Rose immer kraftvoller und machtvoller. Die heilende und transformierende Wirkung in ihr nahm stetig zu und trat immer mehr in den Vordergrund meiner Arbeit.<\/span><\/li>\n<li><span style=\"font-size: medium; color: #000080;\">Die heilige Rose wird von Herz zu Herz und aus der Liebe heraus verschenkt. Durch das Weiterreichen einzelner Bl\u00fcten vermehrt sich die Rose. Nimmt man eine Rosenbl\u00fcte ins Herz und gib ihr dort Raum und Liebe, so w\u00e4chst sie schnell zu einem wundersch\u00f6nen Rosenbuschen heran. So vermag jeder die Rose in seinem Herzen zu vermehren.<\/span><\/li>\n<li><span style=\"font-size: medium; color: #000080;\">Jedem Wesen &#8211; ob Freund oder Feind &#8211; sollte man eine Rose aus dem eigenem Herzen als ein Zeichen des Friedens und der Liebe schenken. So erschafft man Frieden in sich selbst und im anderen. Aber ebenso den Tieren, den Pflanzen, dem Blauen Volk, der Erde, den Mineralien und den Elementen Wasser, Erde, Luft oder Feuer sollte man eine Rose schenken. Auch in ihnen wirkt die Rose heilend. Verschenkt man die Rose, so entsteht Frieden und Heilung.<br \/>\n<\/span><\/li>\n<li><span style=\"font-size: medium; color: #000080;\">Auf die Frage: &#8222;Ob man die Rose manipulieren kann?&#8220; Bekam ich von der Geistige Welt zur Antwort: &#8222;Kein Wesen vermag es die Rose zu manipulieren oder sie f\u00fcr seinen eigenen Profit einzusetzen. Versucht man es<b> <\/b>dennoch, so kann es passieren, dass die Rose in ihm verk\u00fcmmert.&#8220;<\/span><\/li>\n<\/ul>\n<p><span style=\"color: #000080;\">\u00a0<\/span><\/p>\n<p><span style=\"font-size: medium; color: #000080;\">Seit 2004 arbeite ich mit der heiligen Rose und dies mit immer gr\u00f6\u00dfer werdenden Erfolg.<\/span><\/p>\n<p><span style=\"font-size: medium; color: #000080;\">Vielen verschiedenen Sternenwesenheiten sowie <a title=\"Drachenwelten\" href=\"http:\/\/elindra.de\/?page_id=102\" target=\"_blank\" rel=\"noopener noreferrer\">Drachenwesenheiten<\/a> habe ich bei meinen Arbeiten die Rose geschenkt und alle haben sie mein Geschenk mit Freude und Dankbarkeit, teilweise mit sehr gro\u00dfem Erstaunen entgegengenommen. Denn kein Sternenwesen rechnete mehr mit der Rose und schon gleich gar nicht, dass sie ihnen von einem Menschen \u00fcberreicht wird. Vieles hat die heilige Rose bei ihnen sowie auch bei mir schon bewirkt.<\/span><\/p>\n<p><span style=\"font-size: medium; color: #000080;\">Nun ist es mein Wunsch, dass Wissen \u00fcber die heilige Rose und ihrer g\u00f6ttlichen Liebe allen Menschen zukommen zu lassen!<\/span><\/p>\n<p><span style=\"font-size: medium;\"><em><strong><span style=\"color: #000080;\"><span style=\"text-decoration: underline;\">Heil\u00fcbung und Meditation: Eine Rose f\u00fcr dich!<\/span><\/span><\/strong><\/em><\/span><\/p>\n<p><em><span style=\"color: #ffffff;\">.<\/span><\/em><\/p>\n<ul>\n<li><span style=\"font-size: medium;\"><em><span style=\"color: #000080;\">Wenn du die heilige Rose in deinem Herzen aufnehmen m\u00f6chtest, so suche dir einen stillen Ort der Ruhe.<\/span><\/em><\/span><\/li>\n<li><span style=\"font-size: medium;\"><em><span style=\"color: #000080;\">Gehe in deine Ruhe und lasse den Alltagsstress \u00fcber deine Beine in die Erde lie\u00dfen. <\/span><\/em><\/span><\/li>\n<li><span style=\"font-size: medium;\"><em><span style=\"color: #000080;\">Trete nun in dein Herz ein und lasse deine Liebe zu deinem Hohen Selbst flie\u00dfen, welches ca. 20 cm \u00fcber deinem Kopf schwebt.<br \/>\n<\/span><\/em><\/span><\/li>\n<li><span style=\"font-size: medium;\"><em><span style=\"color: #000080;\">Bitte deine Seele ihre Liebe in dich einflie\u00dfen zu lassen. <\/span><\/em><\/span><\/li>\n<li><span style=\"font-size: medium;\"><em><span style=\"color: #000080;\">F\u00fclle dich an mit der Liebe deines g\u00f6ttlichen Seins und komme immer mehr in deinen Frieden. <\/span><\/em><\/span><\/li>\n<li><span style=\"font-size: medium;\"><em><span style=\"color: #000080;\">Bitte nun einen Engel zu dir in dein Herz und bitte ihn dich zum Tempel der heiligen Rose f\u00fchren. <\/span><\/em><\/span><\/li>\n<li><span style=\"font-size: medium;\"><em><span style=\"color: #000080;\">Der Engel f\u00fchrt dich zu einem wundersch\u00f6nen Rosenbuschen. F\u00fchle die Liebe der Rose, wie sie dich liebevoll umarmt und begr\u00fc\u00dft.<\/span><\/em><\/span><\/li>\n<li><span style=\"font-size: medium;\"><em><span style=\"color: #000080;\">Solltest du den Wunsch hegen noch weiter in die Liebe der Rose einzutauchen. So erlaube dir, direkt in den Rosenbuschen hineinzutreten, so dass dich die Rose mit ihrer Liebe v\u00f6llig ein- und umh\u00fcllt.\u00a0<\/span><\/em><\/span><\/li>\n<li><span style=\"font-size: medium;\"><em><span style=\"color: #000080;\">Nun nimm die Liebe der Rose in dich und in all deine Zellen auf. <\/span><\/em><\/span><\/li>\n<li><span style=\"font-size: medium;\"><em><span style=\"color: #000080;\">Bitte den heiligen Rosenbuschen um eine Bl\u00fcte f\u00fcr dich.<\/span><\/em><\/span><\/li>\n<li><span style=\"font-size: medium;\"><em><span style=\"color: #000080;\"> Erlaube dir in deinem Herzen einen passenden Platz f\u00fcr die Rose zu finden, wo sie wachsen kann. H\u00fclle sie mit deiner Liebe ein.<br \/>\n<\/span><\/em><\/span><\/li>\n<li><span style=\"font-size: medium; color: #000080;\"><em>Anschlie\u00dfend komme wieder zur\u00fcck ins Hier und Jetzt.<\/em><br \/>\n<\/span><\/li>\n<\/ul>\n<p><span style=\"font-size: medium; color: #000080;\"><span style=\"font-size: medium; color: #000080;\"><span style=\"font-size: medium; color: #000080;\">Du kannst im Rosenbuschen solange verweilen, wie du m\u00f6chtest und dies so oft wiederholen, wie du willst. Jede <span style=\"font-size: medium; color: #000080;\"><span style=\"font-size: medium; color: #000080;\">Vereinigung ist eine Heilung f\u00fcr Dich.<\/span><\/span><\/span><\/span><br \/>\n<\/span><\/p>\n<p><span style=\"font-size: medium; color: #000080;\">Und bitte denke daran, die Liebe vermehrt sich nur durch geben! Darum verschenke darum von nun an immer wieder mal eine Rosenbl\u00fcte aus deinem Herzen an wen auch immer.<\/span><\/p>\n<h4><em><strong><span style=\"color: #000080;\">Heilungsmeditation: Reise nach Lemurien \/ Mu mit 6 roten Nuggets<\/span><\/strong><\/em><\/h4>\n<p><span style=\"color: #ffffff;\">.<\/span><\/p>\n<ul>\n<li><em><span style=\"color: #000080;\">Lege 6 rote Nuggets (mit der Energie der Rose vereint mit Mu) im Kreis um dich.<\/span><\/em><\/li>\n<li><em><span style=\"color: #000080;\">Komme zur Ruhe, sp\u00fcre die Erde unter dir und nimm die Erdenergie in dich auf.<\/span><\/em><\/li>\n<li><em><span style=\"color: #000080;\">Verbinde dich mit deiner Seele \/ Hohes Selbst\u00a0 und lasse deine g\u00f6ttl. Liebe in dich flie\u00dfen.<\/span><\/em><\/li>\n<li><em><span style=\"color: #000080;\">Aktiviere sodann mit einem gezielten Gedanken die Nuggets. Nun baut sich ein Heilfeld um dich auf.<\/span><\/em><\/li>\n<li><em><span style=\"color: #000080;\">Verbinde dich mit deinem Herzen mit Lemurien und Mu und bitte um die Liebe Lemuriens.<\/span><\/em><\/li>\n<li><em><span style=\"color: #000080;\">Nun wirst du umh\u00fcllt von der Kraft Lemuriens mit all seiner g\u00f6ttl. Liebe Mu.<\/span><\/em><\/li>\n<li><em><span style=\"color: #000080;\">Lass die Liebe Lemuriens nun in dein Herz, in deinen ganzen K\u00f6rper, in jede Zelle usw. einflie\u00dfen. F\u00fclle dich ganz auf mit Liebe. <\/span><\/em><\/li>\n<li><em><span style=\"color: #000080;\">Tu dies in aller Ruhe und lass dir Zeit, so viel du willst.<\/span><\/em><\/li>\n<li><em><span style=\"color: #000080;\">Sodann bedankst du dich bei Mu und Lemurien.<\/span><\/em><\/li>\n<li><em><span style=\"color: #000080;\">Deaktivierst die Nuggets wieder mit einem gezielten Gedanken und das Heilfeld um dich baut sich automatisch ab.<\/span><\/em><\/li>\n<li><em><span style=\"color: #000080;\">F\u00fchle erneut die Erde unter dir und komme ganz zur\u00fcck mit all einen Teilen ins Hier und Jetzt.<\/span><\/em><\/li>\n<\/ul>\n<p><span style=\"font-size: medium; color: #000080;\">Viel Spa\u00df und Freude w\u00fcnsche ich dir<br \/>\n<\/span><\/p>\n<p><span style=\"color: #000080;\">Inge<\/span><\/p>\n<p><span style=\"color: #000080;\"><span style=\"font-size: medium;\">Wenn ihr Glas Nuggets informiert mit der g\u00f6ttlichen Liebesschwingung der Rose<\/span><span style=\"font-size: medium;\"> vereint mit Mu, der g\u00f6ttl. Liebe Lemuriens w\u00fcnscht, so schreibt mir\u00a0unter: <a href=\"http:\/\/elindra.de\/?page_id=11\" target=\"_blank\" rel=\"noopener noreferrer\"><span style=\"color: #000080;\">inge@elindra.de<\/span><\/a><\/span><\/span><\/p>\n<p>\u00a9 Inge Schmitzberger, 27. Januar\u00a02008. Es ist erlaubt diesen Text zu verbreiten, solange er vollst\u00e4ndig und unver\u00e4ndert unter dem Namen des Autors, sein Copyright, seine Website: www.elindra.de und dieser Hinweis mit aufgef\u00fchrt wird.<\/p>\n","protected":false},"excerpt":{"rendered":"<p>Die Rose ist seit jeher das Symbol der Liebe und dies nicht nur auf unserer Erde, sondern auch in den Ebenen der Sterne. Nun fragte ich mich, wieso ist dem so? Fragen \u00fcber Fragen gebaren sich aus dieser ersten Frage. Fragen, auf die ich keine Antworten wusste. Doch je mehr ich mich mit Sternenwesen besch\u00e4ftigte, durfte ich erkennen, wie heilig f\u00fcr sie die Rose als Tr\u00e4gerin der Liebe war. Stets achtungsvoll nahmen sie die Rose aus meinem Herzen, gef\u00fcllt mit meiner Liebe f\u00fcr sie, in ihr Herz hinein. Darum hoffe ich: Die Rosen m\u00f6gen wieder erbl\u00fchen in unseren Herzen, gef\u00fcllt&hellip;<\/p>\n","protected":false},"author":1,"featured_media":0,"parent":13493,"menu_order":0,"comment_status":"closed","ping_status":"closed","template":"","meta":[],"_links":{"self":[{"href":"https:\/\/elindra.de\/index.php?rest_route=\/wp\/v2\/pages\/12"}],"collection":[{"href":"https:\/\/elindra.de\/index.php?rest_route=\/wp\/v2\/pages"}],"about":[{"href":"https:\/\/elindra.de\/index.php?rest_route=\/wp\/v2\/types\/page"}],"author":[{"embeddable":true,"href":"https:\/\/elindra.de\/index.php?rest_route=\/wp\/v2\/users\/1"}],"replies":[{"embeddable":true,"href":"https:\/\/elindra.de\/index.php?rest_route=%2Fwp%2Fv2%2Fcomments&post=12"}],"version-history":[{"count":77,"href":"https:\/\/elindra.de\/index.php?rest_route=\/wp\/v2\/pages\/12\/revisions"}],"predecessor-version":[{"id":13498,"href":"https:\/\/elindra.de\/index.php?rest_route=\/wp\/v2\/pages\/12\/revisions\/13498"}],"up":[{"embeddable":true,"href":"https:\/\/elindra.de\/index.php?rest_route=\/wp\/v2\/pages\/13493"}],"wp:attachment":[{"href":"https:\/\/elindra.de\/index.php?rest_route=%2Fwp%2Fv2%2Fmedia&parent=12"}],"curies":[{"name":"wp","href":"https:\/\/api.w.org\/{rel}","templated":true}]}}