{"id":13547,"date":"2026-04-10T16:58:45","date_gmt":"2026-04-10T15:58:45","guid":{"rendered":"https:\/\/elindra.de\/?page_id=13547"},"modified":"2026-04-10T17:35:26","modified_gmt":"2026-04-10T16:35:26","slug":"heilerausbildung","status":"publish","type":"page","link":"https:\/\/elindra.de\/?page_id=13547","title":{"rendered":"Heilerausbildung"},"content":{"rendered":"\n<p><\/p>\n\n\n\n<p><\/p>\n\n\n\n<h3>Ausbildung zum Geistigen Heiler<\/h3>\n\n\n\n<p>.<\/p>\n\n\n\n<p><strong>Hauptthema:<\/strong> L\u00f6sen von emotionalen Befangenheiten z.B. von \u00c4ngsten, Blockaden, Glaubenss\u00e4tze<\/p>\n\n\n\n<p>In unserer Arbeit blicken wir zur\u00fcck unter anderem auch in vergangene Leben, um die Ursache\/den Urausl\u00f6ser f\u00fcr die heutige Thematik zu erkennen und zu l\u00f6sen. Denn die in uns ungel\u00f6sten Themen\/Schmerzen halten uns gefangen im Denken und Handeln und lenken auch das, was uns im Heute begegnet.<\/p>\n\n\n\n<p>Unsere Aufgabe hier auf Erden ist es zu heilen. Uns selbst, aber auch andere dabei zu unterst\u00fctzen.<\/p>\n\n\n\n<p>Diese Ausbildung ist anwendbar f\u00fcr sich selbst, aber auch f\u00fcr andere.<\/p>\n\n\n\n<p>.<\/p>\n\n\n\n<p><strong>Lerninhalte: <\/strong> Aufstellungsarbeit, Quantenheilung, Clearing, Seelenheilung, Ahnenreihe, Familienschild,&nbsp; Inkarnationslinie, Sterneninkarnationsebene<\/p>\n\n\n\n<p>\u00dcber F\u00fchlen und Sp\u00fcren tauchen wir ein in die Vergangenheit und erkennen, was einst geschah.<\/p>\n\n\n\n<p>&nbsp;Beginn im Oktober 2026&nbsp; &nbsp;<\/p>\n\n\n\n<p>.<\/p>\n\n\n\n<h6><em><strong>Info und Anmeldung auch bei:<\/strong><\/em><\/h6>\n\n\n\n<h5><em>Inge Schmitzberger<\/em><\/h5>\n\n\n\n<p>K\u00f6hler Str. 12, D \u2013 83137 SchonstettHandy: 0049-(0)162-9523951e-mail:&nbsp;<a href=\"http:\/\/elindra.de\/?page_id=11\">inge@elindra.de<\/a><\/p>\n","protected":false},"excerpt":{"rendered":"<p>Ausbildung zum Geistigen Heiler . Hauptthema: L\u00f6sen von emotionalen Befangenheiten z.B. von \u00c4ngsten, Blockaden, Glaubenss\u00e4tze In unserer Arbeit blicken wir zur\u00fcck unter anderem auch in vergangene Leben, um die Ursache\/den Urausl\u00f6ser f\u00fcr die heutige Thematik zu erkennen und zu l\u00f6sen. Denn die in uns ungel\u00f6sten Themen\/Schmerzen halten uns gefangen im Denken und Handeln und lenken auch das, was uns im Heute begegnet. Unsere Aufgabe hier auf Erden ist es zu heilen. Uns selbst, aber auch andere dabei zu unterst\u00fctzen. Diese Ausbildung ist anwendbar f\u00fcr sich selbst, aber auch f\u00fcr andere. . Lerninhalte: Aufstellungsarbeit, Quantenheilung, Clearing, Seelenheilung, Ahnenreihe, Familienschild,&nbsp; Inkarnationslinie, Sterneninkarnationsebene&hellip;<\/p>\n","protected":false},"author":2,"featured_media":0,"parent":0,"menu_order":2,"comment_status":"closed","ping_status":"closed","template":"","meta":[],"_links":{"self":[{"href":"https:\/\/elindra.de\/index.php?rest_route=\/wp\/v2\/pages\/13547"}],"collection":[{"href":"https:\/\/elindra.de\/index.php?rest_route=\/wp\/v2\/pages"}],"about":[{"href":"https:\/\/elindra.de\/index.php?rest_route=\/wp\/v2\/types\/page"}],"author":[{"embeddable":true,"href":"https:\/\/elindra.de\/index.php?rest_route=\/wp\/v2\/users\/2"}],"replies":[{"embeddable":true,"href":"https:\/\/elindra.de\/index.php?rest_route=%2Fwp%2Fv2%2Fcomments&post=13547"}],"version-history":[{"count":5,"href":"https:\/\/elindra.de\/index.php?rest_route=\/wp\/v2\/pages\/13547\/revisions"}],"predecessor-version":[{"id":13561,"href":"https:\/\/elindra.de\/index.php?rest_route=\/wp\/v2\/pages\/13547\/revisions\/13561"}],"wp:attachment":[{"href":"https:\/\/elindra.de\/index.php?rest_route=%2Fwp%2Fv2%2Fmedia&parent=13547"}],"curies":[{"name":"wp","href":"https:\/\/api.w.org\/{rel}","templated":true}]}}