{"id":138,"date":"2008-12-29T00:46:04","date_gmt":"2008-12-28T23:46:04","guid":{"rendered":"http:\/\/inge-elyah.de\/?page_id=138"},"modified":"2015-12-31T15:10:08","modified_gmt":"2015-12-31T15:10:08","slug":"wie-alles-begann","status":"publish","type":"page","link":"https:\/\/elindra.de\/?page_id=138","title":{"rendered":"Eine fremde Welt \u00f6ffnet sich"},"content":{"rendered":"<h1 style=\"text-align: left;\"><span style=\"color: #333333;\"><em><strong><span style=\"color: #ffffff;\">.<\/span><br \/>\n<\/strong><\/em><\/span><\/h1>\n<p><span style=\"color: #ffffff;\">.<\/span><\/p>\n<h1 style=\"text-align: center;\"><\/h1>\n<h1 style=\"text-align: center;\"><span style=\"color: #333333;\"><em><strong>Elindra&#8217;s Drachenwelten<br \/>\n<\/strong><\/em><\/span><\/h1>\n<p style=\"text-align: center;\"><span style=\"color: #333333;\">Inge Schmitzberger<\/span><\/p>\n<p><span style=\"color: #ffffff;\">.<\/span><\/p>\n<h3 style=\"text-align: center;\"><span style=\"color: #333333;\"><em><strong>Eine fremde Welt \u00f6ffnet sich<\/strong><\/em><br \/>\n<\/span><\/h3>\n<p><span style=\"color: #333333;\">\u00a0<\/span><\/p>\n<p style=\"text-align: center;\"><span style=\"color: #333333;\">\u2665<\/span><\/p>\n<h5 style=\"text-align: center;\"><span style=\"color: #333333;\">\u00a0<\/span><\/h5>\n<p><span style=\"font-size: medium; color: #333333;\">\u00dcber Reiki fand ich meinen Weg in die esoterische Welt. Eine Welt, die f\u00fcr mich absolutes Neuland war. Dort erfuhr ich, dass es Menschen gab, die Engelwesen f\u00fcr real hielten. Engel waren f\u00fcr mich Erfindungen f\u00fcr kleine Kinder und doch schienen mir diese Menschen sehr von ihrer Existens \u00fcberzeugt zu sein. Dieses ging nicht spurlos an mir vorbei.<\/span><\/p>\n<p><span style=\"font-size: medium; color: #333333;\">Tja, meine Neugierde war nun geweckt und somit machte ich mich auf die Suche um jemanden zu finden, der mir mehr \u00fcber diese &#8218;Engel&#8216; erz\u00e4hlen konnte und diese Menschen fand ich in einer Meditationsgruppe. Doch hier erfuhr ich nicht nur von Engeln. Oh, nein! Gleich zu Beginn h\u00f6rte ich mein erstes Channeling. Was nat\u00fcrlich ebenfalls sofort meinen Neugierde-Trigger aktivierte, denn soviel Neues gab es hier zu erforschen.<\/span><\/p>\n<p><span style=\"font-size: medium; color: #333333;\">Durch eine Frau, die sich als sogenanntes Medium zur Verf\u00fcgung stellte, donnerte eine tiefe und wie mir schien m\u00e4nnliche Stimme. Sie erz\u00e4hlte von Dingen, die ich noch nie geh\u00f6rt hatte und die ich nicht verstand. Diese Stimme beeindruckte mich m\u00e4chtig und ich fand sie \u00e4u\u00dferst sympathisch. Magisch zog mich dieses Wesen an, welches sich hinter diesem tiefen Bass verbarg.<\/span><\/p>\n<p><span style=\"font-size: medium; color: #333333;\">Nach der Meditation erfuhr ich, dass diese Stimme zu einer Drachenwesenheit geh\u00f6rte. Zu einem Drache, der bis vor kurzem noch in den Tiefen des Chiemsees schlummerte und erst vor einem knappen Jahr erweckt worden war. Tief schlafend hatte er dort die Jahrhunderte \u00fcberdauert, bis seine Zeit des Erwachens wieder kam. Nun war er erweckt und bereit seinen Beitrag f\u00fcr die kommende Ver\u00e4nderung zu leisten.<\/span><\/p>\n<p><span style=\"font-size: medium; color: #333333;\"><b>Drachen??? Drachen!!!<\/b> Schon wieder glaubte ich an einen H\u00f6rfehler. Schotter, was gab es denn nicht noch alles?<i> <\/i>Meine Gedanken schlugen Purzelb\u00e4ume. Ich hatte noch nicht mal richtig die Engel verdaut und nun kamen diese seltsamen Drachen daher. Aber was half es, auch hier war meine Neugierde nun geweckt und somit gab es kein Entrinnen mehr. Auch die Drachen bedurften einer n\u00e4heren Betrachtung und schon gleich zweimal dieser eine da. \u00dcber den wollte ich unbedingt n\u00e4heres erfahren. Hartn\u00e4ckig musste ich einige Male nachfragen bis ich endlich seinen Namen erfuhr. Sein Name, so erkl\u00e4rte man mir, sei Numerian! <\/span><\/p>\n<p><span style=\"font-size: medium; color: #333333;\"><strong>Numerian&#8230;!<\/strong> Was f\u00fcr ein sch\u00f6ner Name! Was f\u00fcr ein m\u00e4nnlicher Name!<\/span><\/p>\n<p><span style=\"font-size: medium; color: #333333;\">Dieser eine Drache, er ging mir nicht mehr aus dem Sinn. Immer wieder musste ich an Numerian denken und ich wollte mehr \u00fcber ihn erfahren. Aber nicht nur \u00fcber ihn wollte ich mehr wissen, die Drachenwesenheiten als solches besch\u00e4ftigten mich von nun an sehr. Doch woher sollte ich mir dieses Wissen holen? Die Menschen um mich herum wussten selbst nicht mehr. Doch dieses sollte sich schon bald \u00e4ndern.<\/span><\/p>\n<p align=\"CENTER\"><span style=\"font-size: medium; color: #333333;\">~<\/span><\/p>\n<p><span style=\"font-size: medium; color: #333333;\">Regelm\u00e4\u00dfig nahm ich nun an Meditationen teil. Innerhalb dieser Meditationen unternahmen wir mentale Reisen und oftmals f\u00fchrte uns unser Weg zu weit entfernten und mir fremde Orte. Doch dieses Mal blieben wir in heimatlichen Gefilden.<i> <\/i><\/span><\/p>\n<p><span style=\"font-size: medium; color: #333333;\"><i>Unser geistiger Weg f\u00fchrte uns heute auf die wunderbare Fraueninsel vom Chiemsee. Sofort schlug mein Herz h\u00f6her als ich dieses vernahm und voller Freude konnte ich nur noch an eines denken, dass hier doch der Drache Numerian lebte!<\/i><\/span><\/p>\n<p><span style=\"font-size: medium; color: #333333;\"><i>Schon von weitem erkannte ich den Drachen. Gro\u00df und m\u00e4chtig, sa\u00df er unter der tausendj\u00e4hrigen Linde. Nat\u00fcrlich sa\u00df er dort mit seinem energetischen K\u00f6rper, denn einen physischen besitzt er, wie all die anderen Drachenwesenheiten ebenfalls, nicht mehr. Fasziniert sah ich ihn an. Am liebsten w\u00e4re ich sofort zu ihm gegangen, doch ich wagte es nicht. Schon lange wollte ich ihn kennen lernen, doch wusste ich bisher nicht wie. <\/i><\/span><\/p>\n<p><span style=\"font-size: medium; color: #333333;\"><i>Meine Entt\u00e4uschung war gro\u00df als ich bemerkte, dass unser Ziel nicht der Drache, sondern eine Lichtpyramide in unmittelbarer N\u00e4he war. Aber dennoch jubelte alles in mir, denn schon alleinig, dass ich Numerian sah, dass ich hier sein durfte, war mehr als ich mir erhofft hatte. <\/i><\/span><\/p>\n<p><span style=\"font-size: medium; color: #333333;\"><i>Neugierig sp\u00e4te ich w\u00e4hrend meines Vorbeischreitens immer wieder zum Drachen. L\u00e4ssig sa\u00df er reglos auf seinem Platz. Keine Anzeichen. Keine Kopfbewegung. Durch nichts lie\u00df sich erkennen, ob er uns sah oder mich und meine neugierigen Blicke \u00fcberhaupt wahrnahm. <\/i><\/span><\/p>\n<p><span style=\"font-size: medium; color: #333333;\"><i>Viel zu schnell f\u00fcr meinen Geschmack erreichten wir unser Ziel. In funkelnden, kristallinen Pyramiden wurden wir von unseren Seelen freundlich empfangen. Dort tauchten wir in die Liebe und das Licht unseres g\u00f6ttlichen Seins ein. Alte Ballast durfte wir unserer Seele von uns \u00fcbergeben und ihre Liebe nahmen wir in uns mit. <\/i><\/span><\/p>\n<p><span style=\"font-size: medium; color: #333333;\"><i>Nachdem wir unser Tun dort verrichtet hatten, verlie\u00dfen wir diese heilige St\u00e4tte wieder und machten uns auf den Heimweg. Nat\u00fcrlich erneut an Numerian vorbei.<\/i><\/span><\/p>\n<p><span style=\"font-size: medium; color: #333333;\"><i>Wie zuvor, sa\u00df der Drache immer noch bewegungslos unter seiner Linde. Auch hier gew\u00e4hrte er mir kein Erkennen, ob er uns bemerkte. Obwohl er nichts tat, zog mich der Drache magisch an. Am liebsten w\u00e4re ich zu ihm gerannt. Doch auch jetzt wagte ich es nicht und unser Weg f\u00fchrte uns fort von dieser Insel.<\/i><\/span><\/p>\n<p align=\"CENTER\"><span style=\"font-size: medium; color: #333333;\">~<\/span><\/p>\n<p><span style=\"font-size: medium; color: #333333;\">Nun endlich kannte ich den Weg, der mich zu Numerian f\u00fchrte und meine Neugierde brannte darauf gestillt zu werden. So zog ich von nun an alleine in meinen eigenen Meditationen los. Machte mich mental auf den Weg zu jener gr\u00fcnen Insel im See. Gr\u00fcnde gerade dort hin zu gehen fand ich genug, denn schlie\u00dflich war ja meine Seele in dieser herrlichen Pyramide zu finden. Der Seelenkontakt, so sagte man mir, sei immens wichtig! Also war es auch f\u00fcr mich unerl\u00e4sslich, dass ich mich auf den Weg machte, um mich mit ihr auszutauschen. Tja, und wenn da zuf\u00e4llig auf dem Weg so eine energetische Drachenwesenheit sitzt! Welch ein gl\u00fccklicher Zufall!!! Dann ist der Weg eben nochmals so sch\u00f6n und unschlagbar verlockend.<\/span><\/p>\n<p><span style=\"font-size: medium; color: #333333;\"><i>W\u00e4hrend des Vorbeimarschierens sp\u00e4te ich <i>aus der Ferne<\/i> stets neugierig zum Drachen. Auch jetzt sa\u00df er friedlich und ruhig unter seiner Linde, so als w\u00fcrde er mich schon erwarten. Doch obwohl er nichts dergleichen tat, war mir dennoch nur zu gut bewusst, dass er meine Anwesenheit sehr wohl wahrnahm, auch wenn ich nur mental unterwegs war, deshalb neigte ich vorsorglich meinen Kopf zum Gru\u00df. Sogleich nickte auch der Drache freundlich in meine Richtung. <\/i><\/span><\/p>\n<p><span style=\"font-size: medium; color: #333333;\"><i>Aufmerksam den Drachen im Auge behaltend und jedes Detail in mich aufsaugend,<\/i> <i>schlenderte ich gem\u00e4chlich an ihm vorbei zu meiner Pyramide. Nur um anschlie\u00dfend wieder ganz langsam den Heimweg anzutreten &#8211; und nat\u00fcrlich wieder vorbei am Drachen. <\/i><\/span><\/p>\n<p><span style=\"font-size: medium; color: #333333;\"><i>Reglos sa\u00df der Drache stets unter der Linde.<\/i><\/span><\/p>\n<p align=\"CENTER\"><span style=\"font-size: medium; color: #333333;\"><i>~<\/i><\/span><\/p>\n<p><span style=\"font-size: medium; color: #333333;\"><i>Je \u00f6fters ich auf diesem Pfad an Numerian vorbei schritt, desto langsamer wurden meine Schritte. Ab und an blieb ich sogar stehen und erlaubte mir, ihn kurzweilig aus der Ferne zu betrachten. Obwohl der magischen Anziehung, die er auf mich aus\u00fcbte, dauerte es doch noch einige Zeit bis ich den Mut besa\u00df, den ich gebrauchte, um mich ihm einwenig zu n\u00e4hern. Ganz langsam gewann ich Vertrauen zu diesem gro\u00dfen Wesen und wagte mich vorsichtig, Schritt f\u00fcr Schritt, n\u00e4her an ihn heran. <\/i><\/span><\/p>\n<p><span style=\"font-size: medium; color: #333333;\"><i>Eines Tages war es soweit, \u00a0kratzte meinen ganzen Mut zusammen und schritt beherzt zum Drachen. Vorsichtig ber\u00fchrte ich zaghaft seinen Kopf mit meiner Hand. Da keine Ablehnung von Seitens des Drachens kam, streichelte ich ihn z\u00e4rtlich noch \u00fcber seinen kr\u00e4ftigen Hals. <\/i><\/span><\/p>\n<p><span style=\"font-size: medium; color: #333333;\"><i>Es schien ihm zu Gefallen und so kam es, dass ich mich ihm immer mehr n\u00e4herte \u2013 \u00e4u\u00dferlich, wie innerlich. Die Zeitspanne, die ich bei ihm verweilte, verl\u00e4ngerte sich stetig. Unsere Freundschaft reifte. Stets war ich willkommen und schnell war er mir ein vertrauter und lieber Freund. Ein Freund f\u00fcrs Leben, dies sollte er f\u00fcr mich werden. <\/i><\/span><\/p>\n<p style=\"text-align: center;\"><span style=\"color: #333333;\">\u00a0\u2665<\/span><\/p>\n<p><span style=\"color: #333333;\"><em>Einen Drang bzw. einen Ruf in mir folgend ging ich eines abends vor dem Einschlafen mental auf Wanderschaft. Zielstrebig f\u00fchrte mein Weg zu einer Drachin, die friedlich in ihrem Drachennest lag. Keine Worte wurde gewechselt, keine Begr\u00fc\u00dfung ausgesprochen. Kommentarlos schritt ich einfach zu ihr und legte mich zu ihr ins Nest. Und mit der gleichen Selbstverst\u00e4ndlichkeit, wie ich dieses tat, hie\u00df sie mich willkommen bei ihr.<\/em><\/span><br \/>\n<span style=\"color: #333333;\"> <em> So kuschelte ich mich an sie und sie sich an mich. Liebe erf\u00fcllte mich. Liebe, mit der sie mich umgab und Liebe, die aus meinem Herzen f\u00fcr sie kam.<\/em><em>Woher meine tiefe Liebe f\u00fcr sie kam, wusste ich nicht und es war mir auch egal. <\/em><em>Ich f\u00fchlte nur die Liebe der Drachin zu mir dem Menschen und dass sie mich vorurteilslos so annahmt, so wie ich eben war, mit all meinen Fehlern, mit all meinen Blockaden und Mustern. <\/em><em>Ebenso vermittelte mir die Drachin ein Gef\u00fchl der Heimat. Endlich heim gekommen zu sein. Endlich daheim zu sein und ich f\u00fchlte mich geliebt und pudelwohl. Und so schlief ich umarmt von einer Drachin ein. Nacht f\u00fcr Nacht.<\/em><\/span><\/p>\n<p><span style=\"color: #333333;\"><em>Lange sprachen wir kein Wort miteinander. Dieses sollte erst viel sp\u00e4ter kommen.<\/em> <em>Freudig genoss ich ihre Umarmungen. Einfach nur so bei ihr in ihrem Nest zu liegen. Eingeh\u00fcllt in die Liebe dieses Drachens zu sein, geborgen und besch\u00fctzt.\u00a0<\/em><\/span><\/p>\n<p><span style=\"color: #333333;\"><em>Schnell wurde sie meine Freundin und wie mir aber erst viel sp\u00e4ter bewusst wurde, auch meine Lehrmeisterin. Erst viel, viel sp\u00e4ter erfuhr ich, dass ihr Name Kirwana war. Sie nahm mich wie ihren Sch\u00fctzling liebevoll unter ihre Fittiche und meine Ausbildung bei den Drachen begann.<\/em><\/span><\/p>\n<p><span style=\"color: #333333;\"><em>Kirwana begleitete und lehrte mich fast 2 Jahre lang, dann entschieden die Drachen, dass es an der Zeit f\u00fcr einen neuen\u00a0Lehrmeister war&#8230;. aber dazu komme ich viel sp\u00e4ter.<\/em><\/span><\/p>\n<p><span style=\"color: #333333;\">\u00a0<\/span><\/p>\n<p style=\"text-align: center;\"><span style=\"color: #000080;\">\u25ca<\/span><\/p>\n<p style=\"text-align: center;\"><span style=\"color: #333333;\">weiter geht&#8217;s mit<\/span><\/p>\n<p style=\"text-align: center;\"><span style=\"color: #333333;\"><strong><em><a href=\"http:\/\/elindra.de\/?page_id=164\">Dracheneier &#8211; junge Drachen<\/a><\/em><\/strong><\/span><\/p>\n<h2 style=\"text-align: center;\"><span style=\"color: #333333;\"><em><strong>\u00a0 Elindra&#8217;s Drachenwelten<\/strong><\/em><\/span><\/h2>\n<p style=\"text-align: center;\"><span style=\"color: #333333;\">www.elindra.de<\/span><\/p>\n<h2 style=\"text-align: left;\"><\/h2>\n<p><span style=\"color: #333333;\">\u00a9 Inge Schmitzberger, Feburar\u00a02008 . Es ist erlaubt diesen Text zu verbreiten, solange er vollst\u00e4ndig und unver\u00e4ndert unter dem Namen des Autors, sein Copyright, seine Website: www.elindra.de und der Hinweis mit aufgef\u00fchrt wird.<\/span><\/p>\n<p style=\"text-align: center;\"><span style=\"color: #ffffff;\">.<\/span><\/p>\n<p lang=\"de-DE\" style=\"margin-bottom: 0cm; font-style: normal; font-weight: normal;\" align=\"CENTER\"><span style=\"color: #000000;\"><span style=\"font-family: Type Embellishments One LET;\"><span style=\"font-size: x-large;\">\u00a0<\/span><\/span><\/span><\/p>\n<p style=\"text-align: center;\"><span style=\"color: #ffffff;\">.<\/span><\/p>\n<p><span style=\"color: #000080;\">\u00a0<\/span><\/p>\n<p style=\"text-align: center;\"><span style=\"color: #ffffff;\">.<\/span><\/p>\n<p style=\"text-align: center;\"><span style=\"color: #ffffff;\">.<\/span><\/p>\n","protected":false},"excerpt":{"rendered":"<p>. . Elindra&#8217;s Drachenwelten Inge Schmitzberger . Eine fremde Welt \u00f6ffnet sich \u00a0 \u2665 \u00a0 \u00dcber Reiki fand ich meinen Weg in die esoterische Welt. Eine Welt, die f\u00fcr mich absolutes Neuland war. Dort erfuhr ich, dass es Menschen gab, die Engelwesen f\u00fcr real hielten. Engel waren f\u00fcr mich Erfindungen f\u00fcr kleine Kinder und doch schienen mir diese Menschen sehr von ihrer Existens \u00fcberzeugt zu sein. Dieses ging nicht spurlos an mir vorbei. Tja, meine Neugierde war nun geweckt und somit machte ich mich auf die Suche um jemanden zu finden, der mir mehr \u00fcber diese &#8218;Engel&#8216; erz\u00e4hlen konnte und&hellip;<\/p>\n","protected":false},"author":1,"featured_media":0,"parent":102,"menu_order":1,"comment_status":"closed","ping_status":"open","template":"","meta":[],"_links":{"self":[{"href":"https:\/\/elindra.de\/index.php?rest_route=\/wp\/v2\/pages\/138"}],"collection":[{"href":"https:\/\/elindra.de\/index.php?rest_route=\/wp\/v2\/pages"}],"about":[{"href":"https:\/\/elindra.de\/index.php?rest_route=\/wp\/v2\/types\/page"}],"author":[{"embeddable":true,"href":"https:\/\/elindra.de\/index.php?rest_route=\/wp\/v2\/users\/1"}],"replies":[{"embeddable":true,"href":"https:\/\/elindra.de\/index.php?rest_route=%2Fwp%2Fv2%2Fcomments&post=138"}],"version-history":[{"count":63,"href":"https:\/\/elindra.de\/index.php?rest_route=\/wp\/v2\/pages\/138\/revisions"}],"predecessor-version":[{"id":2520,"href":"https:\/\/elindra.de\/index.php?rest_route=\/wp\/v2\/pages\/138\/revisions\/2520"}],"up":[{"embeddable":true,"href":"https:\/\/elindra.de\/index.php?rest_route=\/wp\/v2\/pages\/102"}],"wp:attachment":[{"href":"https:\/\/elindra.de\/index.php?rest_route=%2Fwp%2Fv2%2Fmedia&parent=138"}],"curies":[{"name":"wp","href":"https:\/\/api.w.org\/{rel}","templated":true}]}}