{"id":1652,"date":"2014-04-18T15:04:02","date_gmt":"2014-04-18T15:04:02","guid":{"rendered":"http:\/\/elindra.de\/?page_id=1652"},"modified":"2015-12-31T15:07:52","modified_gmt":"2015-12-31T15:07:52","slug":"steinkreis","status":"publish","type":"page","link":"https:\/\/elindra.de\/?page_id=1652","title":{"rendered":"Der Steinkreis"},"content":{"rendered":"<p><span style=\"color: #ffffff;\">.<\/span><\/p>\n<p><span style=\"color: #ffffff;\">.<\/span><\/p>\n<h1 style=\"text-align: center;\"><span style=\"color: #333333;\">\u00a0<em><strong>Elindra&#8217;s Drachenwelten<\/strong><\/em><\/span><\/h1>\n<p style=\"text-align: center;\"><span style=\"color: #333333;\">Inge Schmitzberger<\/span><\/p>\n<p><span style=\"color: #333333;\">\u00a0<\/span><\/p>\n<h3 lang=\"de-DE\" style=\"margin-bottom: 0cm; font-style: normal; font-weight: normal;\" align=\"CENTER\"><span style=\"color: #333333;\"><strong><em>Der Steinkreis<\/em><\/strong><\/span><\/h3>\n<p lang=\"de-DE\" style=\"margin-bottom: 0cm; font-style: normal; font-weight: normal;\" align=\"CENTER\"><span style=\"color: #333333;\">\u00a0<\/span><\/p>\n<p lang=\"de-DE\" style=\"margin-bottom: 0cm; font-style: normal; font-weight: normal;\" align=\"CENTER\"><span style=\"color: #333333;\">\u00a0<\/span><\/p>\n<p style=\"margin-bottom: 0cm;\"><span style=\"font-size: medium; color: #333333;\"><i>Erneut plante ich mit den jungen Drachen eine Reise zu unternehmen und so sandte ich ihnen meine Bitte, zu mir zu kommen, entgegen. Wie stets folgten sie unverz\u00fcglich meiner Einladung. Einer neben dem Anderen landete sanft direkt vor mir auf meiner Herzenswiese. <\/i><\/span><\/p>\n<p style=\"margin-bottom: 0cm;\"><span style=\"font-size: medium; color: #333333;\"><i>Aufmerksam blickten sie mich an und warteten auf meine n\u00e4chsten Schritte. Doch anstatt etwas zu unternehmen, blickte ich sie nur irritiert an. \u00dcberaus deutlich sp\u00fcrte ich, heute war etwas anders als sonst. Aber was nur? Noch blieb es mir verborgen. Neugierig geworden, entschloss ich mich das Geheimnis zu ergr\u00fcnden. Abermals streckte ich meine energetischen Tastsinne den jungen Drachen entgegen. F\u00fchlte und sp\u00fcrte hierhin und dorthin, auf der Suche zu erkennen, was sich ver\u00e4ndert hatte.<\/i><\/span><\/p>\n<p style=\"margin-bottom: 0cm;\"><span style=\"font-size: medium; color: #333333;\"><i>\u00dcberraschend schnell zeigte sich mir die Ursache f\u00fcr die Energiever\u00e4nderung. Die Anzahl der jungen Drachen hatte sich ver\u00e4ndert. Schon wieder hatten sie sich vermehrt. Aber wie viele waren es nun? Erneut ging ich ins F\u00fchlen. <\/i><\/span><\/p>\n<p style=\"margin-bottom: 0cm;\"><span style=\"font-size: medium; color: #333333;\"><i>25 oder 26 junge Drachen? Hmm..? Doch so sehr ich mich auch anstrengte, so ganz konnte ich es nicht bestimmen. <\/i><\/span><\/p>\n<p style=\"margin-bottom: 0cm;\"><span style=\"font-size: medium; color: #333333;\"><i>W\u00e4hrend mich Ottawa sanft auf seinem R\u00fccken \u00fcber das unter uns vorbeiziehende Land trug, gr\u00fcbelte ich \u00fcber diese Unklarheit nach. Penibel sp\u00fcrte hierhin und f\u00fchlte dorthin. Immer noch war ich auf der Suche nach einen klaren Antwort. <\/i><\/span><\/p>\n<p style=\"margin-bottom: 0cm;\"><span style=\"font-size: medium; color: #333333;\"><i>Und pl\u00f6tzlich hatte ich des R\u00e4tsels L\u00f6sung. Es waren zwei neue Drachen dazugekommen. Ein weiblicher und ein m\u00e4nnlicher Drache und&#8230; ich kannte sie! Ich hatte sie bereits gesehen! Aber da waren sie noch in ihren Eiern verborgen. Es waren die Kinder von Numerian und Wikin. <\/i><\/span><\/p>\n<p style=\"margin-bottom: 0cm;\"><span style=\"font-size: medium; color: #333333;\"><i>Konnte das tats\u00e4chlich sein? Waren sie wirklich schon geschl\u00fcpft? So schnell? Und nun schon bei mir? Ungl\u00e4ubig \u00fcberpr\u00fcfte ich nochmals die Info, die ich \u00fcber diese beiden kleinen Drachen bekommen hatte. Doch das Ergebnis blieb gleich.<\/i><\/span><\/p>\n<p style=\"margin-bottom: 0cm;\"><span style=\"font-size: medium; color: #333333;\"><i>Je mehr sich diese Tatsache in mir ausbreitete, desto gr\u00f6\u00dfer wurde die Freude in mir. Ein L\u00e4cheln \u00fcberzog mein Gesicht, als ich ihnen einen Strahl meiner Liebe entgegen sandte, um sie bei mir herzlich willkommen zu hei\u00dfen. Auch sie begr\u00fc\u00dften mich und in meinem Herzen wurde es nochmals w\u00e4rmer.<\/i><\/span><\/p>\n<p style=\"margin-bottom: 0cm;\"><span style=\"color: #333333;\">\u00a0<\/span><\/p>\n<p style=\"margin-bottom: 0cm;\"><span style=\"font-size: medium; color: #333333;\"><i>Gem\u00e4chlich zog Ottawa seine Bahn \u00fcber das Land und alle jungen Drachen flogen dicht neben uns her. Tief unter uns zogen W\u00e4lder und Berge vorbei, doch Ottawa flog unbeirrt dar\u00fcber hinweg. Erst nach einiger Zeit senkte er seine Flugh\u00f6he und setzte sanft zur Landung an. Wir hatten das Ziel unserer Reise erreicht und standen nun mitten in einem gro\u00dfen Sumpfgebiet. <\/i><\/span><\/p>\n<p style=\"margin-bottom: 0cm;\"><span style=\"font-size: medium; color: #333333;\"><i>Neugierig blickte ich mich um. Gespannt auf das, was uns hier erwarten w\u00fcrde, denn ich hatte keinerlei Ahnung, was auf uns zukommen k\u00f6nnte.<\/i><\/span><\/p>\n<p style=\"margin-bottom: 0cm;\"><span style=\"font-size: medium; color: #333333;\"><i>Nicht weit von uns entdeckte ich eine uralte und riesige Wesenheit. V\u00f6llig perplex sah ich sie an und sie blickte mir mit ihren gro\u00dfen Augen direkt in meine. Ein enormes Alter, aber auch eine ebensolche Weisheit erkannte ich in ihren Augen. Die Gestalt dieser Wesenheit nahm ich als \u00fcberdimensionale Schildkr\u00f6te wahr, um ein vielfaches gr\u00f6\u00dfer als ich selbst. Als ich sie nach ihrem Namen fragte, erklang dann auch noch der Name \u201eMorla\u201c in mir.<\/i><\/span><\/p>\n<p style=\"margin-bottom: 0cm;\"><span style=\"font-size: medium; color: #333333;\"><i>Die uralte Morla, ging es mir sogleich durch den Kopf, wie aus dem M\u00e4rchen &#8218;Die unendliche Geschichte&#8216; von Michael Ende. Die \u00c4hnlichkeit dieser beiden Morlas war verbl\u00fcffend. War das Zufall? War das Einbildung? Irritiert schaute ich mir nochmals alles genauer an. Doch meine Wahrnehmung \u00e4nderte sich nicht. Immer noch sah ich diese uralte Schildkr\u00f6te vor mir und auch ihr Name blieb gleich. <\/i><\/span><\/p>\n<p style=\"margin-bottom: 0cm;\"><span style=\"font-size: medium; color: #333333;\"><i>Diese Verwandtschaft war mir nun doch etwas zu eng. Doch andererseits konnte ich mich auf meine Wahrnehmung bisher verlassen. Die aufgestiegenen Meister lehrten mich stets meiner Sicht zu vertrauen. Vielleicht sollte ich auch hier einfach vertrauen? Mir vertrauen! Den Drachen vertrauen! Meiner inneren F\u00fchrung vertrauen! <\/i><\/span><\/p>\n<p style=\"margin-bottom: 0cm;\"><span style=\"font-size: medium; color: #333333;\"><i>So entschloss ich mich einfach alles mal so zu nehmen, wie ich es eben wahrnahm. Einfach mal abwarten, wie sich alles weiterentwickelte. Im Vertrauen darauf, dass Ottawa wusste, was er tat und wohin er uns brachte. <\/i><\/span><\/p>\n<p style=\"margin-bottom: 0cm;\"><span style=\"font-size: medium; color: #333333;\"><i>Still und leise blickten mich die gro\u00dfen Augen der Schildkr\u00f6te abwartend an. Freundlich nickte ich ihr zu und ebenfalls freundlich nickte sie zur\u00fcck.<\/i><\/span><\/p>\n<p style=\"margin-bottom: 0cm;\"><span style=\"font-size: medium; color: #333333;\"><i>Ermuntert durch diese Geste wagte ich eine Frage: \u201eWir m\u00f6chten die Kraft der Drachen in uns aktivieren. Kannst du uns bitte hierbei behilflich sein?\u201c<\/i><\/span><\/p>\n<p style=\"margin-bottom: 0cm;\"><span style=\"font-size: medium; color: #333333;\"><i>Kurz \u00fcberlegend schaute sie uns an: \u201eGeht zum gro\u00dfen Steinkreis!\u201c Gleichzeitig zeigte sie mir das Bild eines uralten und heiligen Platzes mit einem gro\u00dfen Steinkreis, so \u00e4hnlich wie Stonehenge. Ich wusste, dass Ottawa diesen Steinkreis kannte und so dankte ich ihr. <\/i><\/span><\/p>\n<p style=\"margin-bottom: 0cm;\"><span style=\"color: #333333;\">\u00a0<\/span><\/p>\n<p style=\"margin-bottom: 0cm;\"><span style=\"font-size: medium; color: #333333;\"><i>Sogleich machten wir uns auf den Weg. Schon aus der Ferne konnte ich den gigantischen Steinkreis erkennen. Riesig ragten die einzelnen Megalithen dem Himmel entgegen und gemeinsam bildeten sie ein magisches Konstrukt, dessen Energien leise summten. Ohne Worte erz\u00e4hlten die Steine ihre Geschichte von einer schon l\u00e4ngst vergangenen Zeit. Geheimnisumwittert war dieser Ort. <\/i><\/span><\/p>\n<p style=\"margin-bottom: 0cm;\"><span style=\"font-size: medium; color: #333333;\"><i>Welche Wesenheiten seine Erbauer wohl waren? Gro\u00dfes Wissen war ihnen auf jedem Falle eigen. Welche Zeremonien hier wohl abgehalten wurden? Gro\u00dfe Handlungen mussten es jedenfalls gewesen sein, denn m\u00e4chtig war immer noch die Energie dieser Steine. Doch schon lange hatten die fremden Wesen diesen Ort und den Steinkreis verlassen. Schon lange wurden hier keine Riten und feierliche Feste mehr vorgenommen. Einsam und verlassen war nun dieser Ort.<\/i><\/span><\/p>\n<p style=\"margin-bottom: 0cm;\"><span style=\"font-size: medium; color: #333333;\"><i>Doch die Magie dieser l\u00e4ngst vergangenen Tage wirkte, wenn auch leicht abgeschw\u00e4cht, heute noch immer. Schon von weitem sp\u00fcrte ich die geheimnisvolle Macht, die diese Steine ausstrahlten. Und je n\u00e4her wir kamen, desto intensiver wurde die kraftvolle Energiewelle, die mir wie eine Wand entgegen kam. Jedoch dr\u00fcckte diese Power nichts gef\u00e4hrliches aus \u2013 ganz das Gegenteil war der Fall. Magisch zog sie uns an und in diesen Kreis aus monumentalen Steinen hinein.<\/i><\/span><\/p>\n<p style=\"margin-bottom: 0cm;\"><span style=\"font-size: medium; color: #333333;\"><i>Es schien mir auch als w\u00fcrden die Steine untereinander kommunizieren. Als w\u00fcssten sie, was nun folgen w\u00fcrde. Aber nicht nur die Steine schienen dies zu wissen, sondern auch die Drachen und mein innerstes Sein.<\/i><\/span><\/p>\n<p style=\"margin-bottom: 0cm;\"><span style=\"font-size: medium; color: #333333;\"><i>Intuitiv stellten wir uns alle so auf, dass wir innerhalb des Steinkreises einen Kreis formten. Kreis im Kreis! <\/i><\/span><\/p>\n<p style=\"margin-bottom: 0cm;\"><span style=\"font-size: medium; color: #333333;\"><i>Alles weitere was nun folgte, wurde nicht von mir veranlasst. Von alleine, wie fremdgesteuert, kam nun Leben in die Steine, denn niemand war hier, der den Megalithen irgendwelche Instruktionen gab. Der Steinkreis aktivierte sich urpl\u00f6tzlich von selbst. Seine Energien, zuvor schon hoch, schossen urpl\u00f6tzlich empor ins Unermessliche, um sich dann schlie\u00dflich im Zentrum zu b\u00fcndeln. <\/i><\/span><\/p>\n<p style=\"margin-bottom: 0cm;\"><span style=\"font-size: medium; color: #333333;\"><i>Kaum war dies geschehen, aktivierte sich unser Kreis, den wir im Innern des gro\u00dfen Kreises bildeten und der wir waren. Auch hier formte sich eine Energiewelle aus unseren Energien und b\u00fcndelte sich ebenso im Zentrum, wie die Energie des Steinkreises. Aus den Energien beider Kreise erwuchs nun ein riesiger und hell leuchtender Lichtkanal, der sich grenzenlos in die H\u00f6he seinen Weg zu den Sternen suchte. <\/i><\/span><\/p>\n<p style=\"margin-bottom: 0cm;\"><span style=\"font-size: medium; color: #333333;\"><i>Automatisch \u00f6ffneten wir alle unsere Herzen und sandten einen Strahl mit unserer Liebe durch diesen Lichtkanal hinauf\u00a0 zu den verschiedenen Drachenenergien bzw. Drachenv\u00f6lker der einzelnen Sternenebenen. Luden sie in uns ein und baten sie, unsere Drachenkraft in uns zu aktivieren.<\/i><\/span><\/p>\n<p style=\"margin-bottom: 0cm;\"><span style=\"font-size: medium; color: #333333;\"><i>Sogleich sp\u00fcrte ich, wie eine starke Energiewelle aus der Ebene des Sternbildes des Dragons uns erreichte und direkt in uns hinein geflutet wurde. Massiv und dynamisch durchdrang diese Welle mein komplettes Sein. Mein Pulsschlag beschleunigte sich und meine Atmung wurde schlagartig heftiger. <\/i><\/span><\/p>\n<p style=\"margin-bottom: 0cm;\"><span style=\"font-size: medium; color: #333333;\"><i>Erst nach einer Weile ebbte die Energiewelle langsam ab. Meine Atmung beruhigte sich zusehends und ebenso auch mein Herzschlag. Den jungen Drachen erging es \u00fcbrigens ebenso wie mir. Auch sie ben\u00f6tigten etwas Zeit um wieder zu Kr\u00e4ften zu kommen.<\/i><\/span><\/p>\n<p style=\"margin-bottom: 0cm;\"><span style=\"font-size: medium; color: #333333;\"><i>Ottawa hingegen lag gem\u00e4chlich neben mir und hatte, wie es schien, keinerlei Probleme. Gelassen wartete er darauf, bis wir alle wieder fit genug f\u00fcr den Heimflug waren.<\/i><\/span><\/p>\n<p style=\"margin-bottom: 0cm;\"><span style=\"color: #333333;\">\u00a0<\/span><\/p>\n<p style=\"margin-bottom: 0cm;\"><span style=\"font-size: medium; color: #333333;\"><i>Wieder Zuhause angekommen kamen uns sogleich Wikin und Numerian entgegen. Freudig nahmen sie ihre beiden Drachenkinder in Empfang. Aber auch ich wurde auf ihre Art von ihnen begr\u00fc\u00dft. Liebevoll schmiegte ich mich an sie, w\u00e4hrend ich zu ihnen sprach: \u201eDanke f\u00fcr das Vertrauen, dass ihr mir entgegen bringt, indem ihr mir eure Kinder anvertraut. Dieses Vertrauen ehrt mich sehr.\u201c<\/i><\/span><\/p>\n<p style=\"margin-bottom: 0cm;\"><span style=\"color: #333333;\">\u201e<span style=\"font-size: medium;\"><i>So wie du uns vertraust, vertrauen wir auch dir.\u201c, sprach Numerian daraufhin zu mir. <\/i><\/span><\/span><\/p>\n<p style=\"margin-bottom: 0cm; text-align: center;\"><span style=\"font-size: medium; color: #333333;\">~<\/span><\/p>\n<p lang=\"de-DE\" style=\"margin-bottom: 0cm;\" align=\"LEFT\"><span style=\"font-size: medium; color: #333333;\">Die uralte Morla erinnerte mich so sehr an die unendliche Geschichte, so dass es mir wieder einmal schwer fiel diese Reise im Nachhinein als Wahrheit anzunehmen. So gab ich die gesamte Sternenenergie, die ich erhalten hatte, an die jungen Drachen ab. F\u00fcr mich behielt ich nichts zur\u00fcck. <\/span><\/p>\n<p lang=\"de-DE\" style=\"margin-bottom: 0cm;\" align=\"LEFT\"><span style=\"font-size: medium; color: #333333;\">Doch nach ein paar Tagen und nach massivem Gr\u00fcbeln wurde mir endlich bewusst, dass es unwichtig war, in welcher Gestalt ich diese Schildkr\u00f6tenwesenheit wahrnahm. Sondern, dass mein Kontakt, die Kommunikation mit ihr wichtig war und daf\u00fcr war es notwendig, dass ich sie so annahm, wie sie sich mir eben zeigen wollte.<\/span><\/p>\n<p lang=\"de-DE\" style=\"margin-left: 0.64cm; margin-bottom: 0cm;\" align=\"CENTER\"><span style=\"font-size: medium; color: #333333;\">~<\/span><\/p>\n<p style=\"margin-bottom: 0cm;\"><span style=\"font-size: medium; color: #333333;\"><i>Bei meinem n\u00e4chsten Besuch bei Kirwana teilte mir diese sehr bestimmend mit, dass ich die Reise zur uralten Morla und zum Steinkreis nochmals zu machen habe, da ich ja die Sternenenergien in mir nicht integriert, sondern sie an die jungen Drachen abgegeben hatte. <\/i><\/span><\/p>\n<p style=\"margin-bottom: 0cm;\"><span style=\"font-size: medium; color: #333333;\"><i>Die armen, kleinen Drachen, wegen mir mussten sie diese Reise nochmals unternehmen. Doch zu meiner \u00dcberraschung schien es ihnen nichts auszumachen. Auch Ottawa schien damit kein Problem zu haben. Schmunzelnd begr\u00fc\u00dfte er mich, als ich ihn darum bat, uns nochmals zur uralten Morla zu bringen. <\/i><\/span><\/p>\n<p style=\"margin-bottom: 0cm;\"><span style=\"font-size: medium; color: #333333;\"><i>Mit gemischten Gef\u00fchlen trat ich der uralten Schildkr\u00f6te entgegen. Wie w\u00fcrde sie mein Benehmen wohl aufnehmen. Achtungsvoll neigte ich meinen Kopf zum Gru\u00df. Freundlich nickte sie zur\u00fcck.<\/i><\/span><\/p>\n<p style=\"margin-bottom: 0cm;\"><span style=\"font-size: medium; color: #333333;\"><i>Geknickt erz\u00e4hlte ich ihr von meiner Wahrnehmung ihres Erscheinungsbildes und von meinen daraus resultierenden Gef\u00fchlen ihr gegen\u00fcber. Erz\u00e4hlte ihr ebenso von meinem anschlie\u00dfenden Dilemma mit den Sternenenergien und was Kirwana dazu meinte. <\/i><\/span><\/p>\n<p style=\"margin-bottom: 0cm;\"><span style=\"font-size: medium; color: #333333;\"><i>Morla zeigte Verst\u00e4ndnis und schickte uns erneut zum Steinkreis. Doch bevor wir uns verabschiedeten, sprach sie noch zu mir: \u201eKomme mich besuchen, wenn du Antworten auf deine Fragen m\u00f6chtest.\u201c<\/i><\/span><\/p>\n<p style=\"margin-bottom: 0cm;\"><span style=\"font-size: medium; color: #333333;\"><i>Dankend nickte ich ihr zu und streichelte sie zum Abschied \u00fcber ihren Kopf.<\/i><\/span><\/p>\n<p style=\"margin-bottom: 0cm;\"><span style=\"color: #333333;\">\u00a0<\/span><\/p>\n<p style=\"margin-bottom: 0cm;\"><span style=\"font-size: medium; color: #333333;\"><i>Erneut traten wir in den Steinkreises und stellten uns zu einem Kreis auf. Auch jetzt aktivierten sich die Megalithen und die Energien schossen schlagartig in die H\u00f6he. Auch unser Kreis trat in seine Kraft und beide Kreise bildeten erneut eine m\u00e4chtige Lichts\u00e4ule, die weit ins Universum reichte.<\/i><\/span><\/p>\n<p style=\"margin-bottom: 0cm;\"><span style=\"font-size: medium; color: #333333;\"><i>Gleichfalls luden wir die Drachenenergien der Sterne in uns ein und baten sie, unsere Kraft in uns zu aktivieren. So, wie schon beim ersten Mal, kam auch nun eine starke Energiewelle aus dem Sternbild des Dragon auf uns nieder. Doch dieses Mal hob sie uns mit einem kr\u00e4ftigen Schwung hoch und trug uns weit in die Tiefe des Weltalls hinaus. Und genauso schnell, wie man uns hoch gehoben hatte, waren wir auch schon an unserem fernen Ziel angelangt. <\/i><\/span><\/p>\n<p style=\"margin-bottom: 0cm;\"><span style=\"font-size: medium; color: #333333;\"><i>Weit entfernt von unserer Heimatwelt, auf einem unbekannten Planeten nahmen wir unsere Gestalt wieder an. Sanft setzte uns die Energiewelle auf den Boden innerhalb eines fremdartigen Tempels auf. Alles geschah in Sekundenschnelle. Zum Denken blieb keine Zeit.<\/i><\/span><\/p>\n<p style=\"margin-bottom: 0cm;\"><span style=\"font-size: medium; color: #333333;\"><i>Der Innenraum des Tempels war riesig. Hoch ragten die W\u00e4nde empor und erst in schwindelnder H\u00f6he konnte ich die gew\u00f6lbte Silhouette der Decke erkennen. Kein Mobiliar oder sonstiges zierte diesen Tempel, dennoch strahlte er eine heilige W\u00fcrde aus. Eine tiefe Stille und Leere umgab uns. Keinerlei Wesenheiten waren in diesem hochheiligen Geb\u00e4ude &#8211; nur wir. <\/i><\/span><\/p>\n<p style=\"margin-bottom: 0cm;\"><span style=\"font-size: medium; color: #333333;\"><i>Kaum, dass ich mit meiner Bestandsaufnahme halbwegs fertig war, kam auch schon eine neuerliche Energiewelle auf uns zu. Diese Energie brachte eine Ver\u00e4nderung mit sich. Etwas geschah an und in uns. Was geschah, konnte ich nicht genau definieren. Aber ich sp\u00fcrte, dass diese Energiewelle in Verbindung mit den Energien des Planeten und des Tempels in uns eine Ver\u00e4nderung bewirkte. Eine Ver\u00e4nderung, die bleibend sein sollte und die auch im Au\u00dfen, also im Leben sp\u00fcrbar sein w\u00fcrde. Diese Energien durchwirbelten unser ganzes System. Ver\u00e4nderten hier etwas, ver\u00e4nderten dort etwas. Nichts schien mehr so zu sein, wie es war. Aber dennoch war es gut, was geschah und wie es geschah. Es f\u00fchlte sich gut an und ich lie\u00df es geschehen.<\/i><\/span><\/p>\n<p style=\"margin-bottom: 0cm;\"><span style=\"font-size: medium; color: #333333;\"><i>Erst nach einiger Zeit wurden wir auf die gleiche Art und Weise, wie wir auf diesen Planeten gef\u00fchrt wurden, wieder zur\u00fcck auf die Erde getragen. Kirwana, Ra Neomi, Numerian und Wikin erwarteten uns bereits. Die beide Letzteren begr\u00fc\u00dften nat\u00fcrlich sofort ihre beiden Kinder aufs Herzlichste.<\/i><\/span><\/p>\n<p style=\"margin-bottom: 0cm;\"><span style=\"color: #333333;\">\u201e<span style=\"font-size: medium;\"><i>Von dieser Reise wirst du etwas merken.\u201c, umjubelten mich die jungen Drachen.<\/i><\/span><\/span><\/p>\n<p style=\"margin-bottom: 0cm;\"><span style=\"color: #333333;\">\u201e<span style=\"font-size: medium;\"><i>Von dieser Reise wirst du etwas merken!\u201c, gab mir auch Kirwana nach der Begr\u00fc\u00dfung zu verstehen.<\/i><\/span><\/span><\/p>\n<p style=\"margin-bottom: 0cm;\"><span style=\"font-size: medium; color: #333333;\"><i>Kaum hatten sie es ausgesprochen, begann sich auch schon alles in meinem Kopf zu drehen. Aber zum Gl\u00fcck legte sich alles genauso schnell wieder, wie es gekommen war.<\/i><\/span><\/p>\n<p style=\"margin-bottom: 0cm;\"><span style=\"color: #333333;\">\u201e<span style=\"font-size: medium;\"><i>Mache deine \u00dcbung mit den klappenden Dreiecken heute nicht mehr. Du bist dazu nicht mehr in der Lage. Du kannst dich nicht mehr konzentrieren.\u201c, riet mir Kirwana.<\/i><\/span><\/span><\/p>\n<p style=\"margin-bottom: 0cm;\"><span style=\"font-size: medium; color: #333333;\"><i>Erneut begann sich alles um mich zu drehen. Mir wurde richtig schwindelig. <\/i><\/span><\/p>\n<p style=\"margin-bottom: 0cm;\"><span style=\"color: #333333;\">\u00a0<\/span><\/p>\n<p style=\"margin-bottom: 0cm;\"><span style=\"font-size: medium; color: #333333;\">*Ja, ich hatte geplant besagte \u00dcbung nach dieser Reise noch zu machen. Doch dieses war mir nun unm\u00f6glich. Schlagartig \u00fcbermannte mich eine bleierne M\u00fcdigkeit. Mein Weg f\u00fchrte nur noch in mein Bett und ich schlief augenblicklich ein.<\/span><\/p>\n<p style=\"margin-bottom: 0cm;\"><span style=\"color: #333333;\">\u00a0<\/span><\/p>\n<p lang=\"de-DE\" style=\"margin-bottom: 0cm;\" align=\"CENTER\"><span style=\"color: #333333;\"><span style=\"font-size: medium;\">~<\/span><\/span><\/p>\n<p lang=\"de-DE\" style=\"margin-bottom: 0cm;\" align=\"CENTER\"><span style=\"color: #333333;\">Dies war ein kleiner Auszug von meinen Erlebnissen mit diesen wunderbaren Wesen, die so voller Liebe auf mich zu kamen und mich lehrten meinen Weg zu gehen.<\/span><\/p>\n<p lang=\"de-DE\" style=\"margin-bottom: 0cm;\" align=\"CENTER\"><span style=\"color: #333333;\">Viele Geschichten warten noch darauf erz\u00e4hlt zu werden und eines Tages werden sie erz\u00e4hlt werden.<\/span><\/p>\n<h4 lang=\"de-DE\" style=\"margin-bottom: 0cm;\" align=\"CENTER\"><span style=\"color: #333333;\"><em><strong>Elindra&#8217;s Drachenwelten<\/strong><\/em><\/span><\/h4>\n<p style=\"text-align: center;\"><span style=\"color: #333333;\">Inge Schmitzberger<\/span><\/p>\n<p style=\"text-align: center;\"><span style=\"color: #333333;\">www.elindra.de<\/span><\/p>\n<p lang=\"de-DE\" style=\"margin-bottom: 0cm;\" align=\"CENTER\"><span style=\"color: #333333;\">.<\/span><\/p>\n<p><span style=\"color: #333333;\">\u00a9 Inge Schmitzberger, Feburar 2008. Es ist erlaubt diesen Text zu verbreiten, solange er vollst\u00e4ndig und unver\u00e4ndert unter dem Namen des Autors, sein Copyright, seine Website: www.elindra.de und der Hinweis mit aufgef\u00fchrt wird.<\/span><\/p>\n<p lang=\"de-DE\" style=\"margin-bottom: 0cm;\" align=\"CENTER\"><span style=\"color: #ffffff;\">Eli<\/span><\/p>\n<p lang=\"de-DE\" style=\"margin-bottom: 0cm; font-style: normal; font-weight: normal;\" align=\"CENTER\"><span style=\"color: #ffffff;\">.<\/span><\/p>\n","protected":false},"excerpt":{"rendered":"<p>. . \u00a0Elindra&#8217;s Drachenwelten Inge Schmitzberger \u00a0 Der Steinkreis \u00a0 \u00a0 Erneut plante ich mit den jungen Drachen eine Reise zu unternehmen und so sandte ich ihnen meine Bitte, zu mir zu kommen, entgegen. Wie stets folgten sie unverz\u00fcglich meiner Einladung. Einer neben dem Anderen landete sanft direkt vor mir auf meiner Herzenswiese. Aufmerksam blickten sie mich an und warteten auf meine n\u00e4chsten Schritte. Doch anstatt etwas zu unternehmen, blickte ich sie nur irritiert an. \u00dcberaus deutlich sp\u00fcrte ich, heute war etwas anders als sonst. Aber was nur? Noch blieb es mir verborgen. Neugierig geworden, entschloss ich mich das Geheimnis&hellip;<\/p>\n","protected":false},"author":1,"featured_media":0,"parent":102,"menu_order":5,"comment_status":"closed","ping_status":"open","template":"","meta":[],"_links":{"self":[{"href":"https:\/\/elindra.de\/index.php?rest_route=\/wp\/v2\/pages\/1652"}],"collection":[{"href":"https:\/\/elindra.de\/index.php?rest_route=\/wp\/v2\/pages"}],"about":[{"href":"https:\/\/elindra.de\/index.php?rest_route=\/wp\/v2\/types\/page"}],"author":[{"embeddable":true,"href":"https:\/\/elindra.de\/index.php?rest_route=\/wp\/v2\/users\/1"}],"replies":[{"embeddable":true,"href":"https:\/\/elindra.de\/index.php?rest_route=%2Fwp%2Fv2%2Fcomments&post=1652"}],"version-history":[{"count":16,"href":"https:\/\/elindra.de\/index.php?rest_route=\/wp\/v2\/pages\/1652\/revisions"}],"predecessor-version":[{"id":2518,"href":"https:\/\/elindra.de\/index.php?rest_route=\/wp\/v2\/pages\/1652\/revisions\/2518"}],"up":[{"embeddable":true,"href":"https:\/\/elindra.de\/index.php?rest_route=\/wp\/v2\/pages\/102"}],"wp:attachment":[{"href":"https:\/\/elindra.de\/index.php?rest_route=%2Fwp%2Fv2%2Fmedia&parent=1652"}],"curies":[{"name":"wp","href":"https:\/\/api.w.org\/{rel}","templated":true}]}}