{"id":2258,"date":"2015-11-08T18:01:32","date_gmt":"2015-11-08T18:01:32","guid":{"rendered":"http:\/\/elindra.de\/?page_id=2258"},"modified":"2020-11-24T10:51:36","modified_gmt":"2020-11-24T09:51:36","slug":"channelings-2","status":"publish","type":"page","link":"https:\/\/elindra.de\/?page_id=2258","title":{"rendered":"Was ist Channeln?"},"content":{"rendered":"<p><span style=\"color: #000080;\">Channeln ist die F\u00e4higkeit in die telepathische Kommunikation mit der Geistigen Welt gehen zu k\u00f6nnen.<\/span><\/p>\n<p><span style=\"color: #000080;\">Sie ist jedem Menschen von der Quelle Allen Seins (= unser g\u00f6ttlicher Ursprung) geschenkt worden. Damit der Mensch jederzeit in die Verbindung \/ in die Kommunikation mit ihr oder mit seiner eigenen Seele treten kann. Ganz egal wie tief der Mensch in die ungeheilte Dualit\u00e4t \/ in den Schmerz gegangen ist. Er soll dadurch stets erkennen k\u00f6nnen, dass er nicht allein gelassen ist, sondern dass er immer in Verbindung ist mit \u201aAllem was Ist\u2018. So dass er jederzeit seine Seele, die Quelle Allen Seins, die Engel usw.&nbsp; um Rat und Hilfe bitten kann.<\/span><\/p>\n<p><span style=\"color: #000080;\">Die ungeheilte Dualit\u00e4t brachte die Illusion der Trennung und die Einsamkeit mither. Sie machte uns glauben, dass wir getrennt sind von \u201aAllem was Ist\u2018. Sie beraubte uns sozusagen dadurch immer mehr unserer geschenkten F\u00e4higkeiten und wir verga\u00dfen diese stetig mehr. So schlummern sie nun tief im Menschen und warten darauf, wieder aus der Schublade des Vergessenseins geholt zu werden, um wieder aktiv von jedem Menschen gelebt zu werden.<\/span><\/p>\n","protected":false},"excerpt":{"rendered":"<p>Channeln ist die F\u00e4higkeit in die telepathische Kommunikation mit der Geistigen Welt gehen zu k\u00f6nnen. Sie ist jedem Menschen von der Quelle Allen Seins (= unser g\u00f6ttlicher Ursprung) geschenkt worden. Damit der Mensch jederzeit in die Verbindung \/ in die Kommunikation mit ihr oder mit seiner eigenen Seele treten kann. Ganz egal wie tief der Mensch in die ungeheilte Dualit\u00e4t \/ in den Schmerz gegangen ist. Er soll dadurch stets erkennen k\u00f6nnen, dass er nicht allein gelassen ist, sondern dass er immer in Verbindung ist mit \u201aAllem was Ist\u2018. So dass er jederzeit seine Seele, die Quelle Allen Seins, die&hellip;<\/p>\n","protected":false},"author":1,"featured_media":0,"parent":693,"menu_order":1,"comment_status":"closed","ping_status":"closed","template":"","meta":[],"_links":{"self":[{"href":"https:\/\/elindra.de\/index.php?rest_route=\/wp\/v2\/pages\/2258"}],"collection":[{"href":"https:\/\/elindra.de\/index.php?rest_route=\/wp\/v2\/pages"}],"about":[{"href":"https:\/\/elindra.de\/index.php?rest_route=\/wp\/v2\/types\/page"}],"author":[{"embeddable":true,"href":"https:\/\/elindra.de\/index.php?rest_route=\/wp\/v2\/users\/1"}],"replies":[{"embeddable":true,"href":"https:\/\/elindra.de\/index.php?rest_route=%2Fwp%2Fv2%2Fcomments&post=2258"}],"version-history":[{"count":11,"href":"https:\/\/elindra.de\/index.php?rest_route=\/wp\/v2\/pages\/2258\/revisions"}],"predecessor-version":[{"id":3234,"href":"https:\/\/elindra.de\/index.php?rest_route=\/wp\/v2\/pages\/2258\/revisions\/3234"}],"up":[{"embeddable":true,"href":"https:\/\/elindra.de\/index.php?rest_route=\/wp\/v2\/pages\/693"}],"wp:attachment":[{"href":"https:\/\/elindra.de\/index.php?rest_route=%2Fwp%2Fv2%2Fmedia&parent=2258"}],"curies":[{"name":"wp","href":"https:\/\/api.w.org\/{rel}","templated":true}]}}