{"id":2272,"date":"2015-11-08T18:33:20","date_gmt":"2015-11-08T17:33:20","guid":{"rendered":"http:\/\/elindra.de\/?page_id=2272"},"modified":"2025-08-24T13:14:40","modified_gmt":"2025-08-24T12:14:40","slug":"alles-ist-licht-und-liebe","status":"publish","type":"page","link":"https:\/\/elindra.de\/?page_id=2272","title":{"rendered":"Die Quelle Allen Seins sagt:"},"content":{"rendered":"<div class=\"storycontent\">\n<p style=\"text-align: center;\"><span style=\"color: #800080;\">\u00a0\u00a0\u00a0\u00a0\u00a0\u00a0\u00a0\u00a0\u00a0\u00a0\u00a0<\/span><\/p>\n<p style=\"text-align: center;\"><span style=\"color: #800080;\"> \u2665<\/span><\/p>\n<p style=\"text-align: center;\"><strong><span style=\"color: #000080;\">Die Quelle Allen Seins sagt:<\/span><\/strong><\/p>\n<p style=\"text-align: center;\"><span style=\"color: #000080;\">Medium: Inge<\/span><\/p>\n<p style=\"text-align: center;\"><span style=\"color: #800080;\">\u2665<\/span><\/p>\n<p style=\"text-align: center;\"><em><strong><span style=\"color: #000080;\">ALLES ist geboren aus der Liebe.\u2028<\/span><\/strong><\/em><\/p>\n<p style=\"text-align: center;\" align=\"CENTER\"><em><span style=\"color: #000080;\">Alles ist entstanden aus der Liebe heraus.<\/span><\/em><\/p>\n<p style=\"text-align: center;\" align=\"CENTER\"><em><span style=\"color: #000080;\">Denn nur die Liebe vollbringt das Wunder,<\/span><\/em><\/p>\n<p style=\"text-align: center;\" align=\"CENTER\"><em><span style=\"color: #000080;\">dass sich Licht in Materie verdichten kann.<\/span><\/em><\/p>\n<p style=\"text-align: center;\" align=\"CENTER\"><span style=\"color: #ffffff;\">.<\/span><\/p>\n<p style=\"text-align: center;\" align=\"CENTER\"><em><span style=\"color: #000080;\">Nichts kann entstehen ohne Liebe.\u2028<\/span><\/em><\/p>\n<p style=\"text-align: center;\" align=\"CENTER\"><em><span style=\"color: #000080;\">So ist ALLES entstanden aus dem Licht und der Liebe.\u2028<\/span><\/em><\/p>\n<p style=\"text-align: center;\" align=\"CENTER\"><em><strong><span style=\"color: #000080;\">Also ist ALLES Licht und Liebe!<\/span><\/strong><\/em><\/p>\n<p style=\"text-align: center;\" align=\"CENTER\"><span style=\"color: #ffffff;\">.<\/span><\/p>\n<p style=\"text-align: center;\" align=\"CENTER\"><em><span style=\"color: #000080;\">Alles besteht aus Licht und Liebe.\u2028<\/span><\/em><\/p>\n<p style=\"text-align: center;\" align=\"CENTER\"><em><span style=\"color: #000080;\">Egal, wie man es bewertet.\u2028<\/span><\/em><\/p>\n<p style=\"text-align: center;\" align=\"CENTER\"><em><span style=\"color: #000080;\">Egal, ob das Gute oder das so genannte B\u00f6se.\u2028<\/span><\/em><\/p>\n<p style=\"text-align: center;\" align=\"CENTER\"><em><span style=\"color: #000080;\">ALLES wurde geboren aus der Liebe heraus.\u2028<\/span><\/em><\/p>\n<p style=\"text-align: center;\" align=\"CENTER\"><em><strong><span style=\"color: #000080;\">Alles ist Liebe!\u2028<\/span><\/strong><\/em><\/p>\n<p style=\"text-align: center;\" align=\"CENTER\"><span style=\"color: #ffffff;\">.<\/span><\/p>\n<p style=\"text-align: center;\" align=\"CENTER\"><em><span style=\"color: #000080;\">Auch wenn der Ausdruck dieses vergessen hat,<\/span><\/em><\/p>\n<p style=\"text-align: center;\" align=\"CENTER\"><em><span style=\"color: #000080;\">so ist er dennoch <strong>Liebe<\/strong>.\u2028<\/span><\/em><\/p>\n<p style=\"text-align: center;\" align=\"CENTER\"><em><span style=\"color: #000080;\">Bitte erkenne dieses!<\/span><\/em><\/p>\n<p style=\"text-align: center;\" align=\"CENTER\"><span style=\"color: #ffffff;\">.<\/span><\/p>\n<p style=\"text-align: center;\" align=\"CENTER\"><em><span style=\"color: #000080;\">Und erkenne in ALLEM was ist:<\/span><\/em><\/p>\n<p style=\"text-align: center;\" align=\"CENTER\"><em><strong><span style=\"color: #000080;\">Das Licht und die Liebe!<\/span><\/strong><\/em><\/p>\n<\/div>\n<p style=\"text-align: center;\"><em><span style=\"color: #000080;\">In Liebe<\/span><\/em><\/p>\n<p style=\"text-align: center;\"><em><span style=\"color: #000080;\">die Quelle Allen Seins<\/span><\/em><\/p>\n<p style=\"text-align: center;\"><span style=\"color: #800080;\">\u00a0\u2665<\/span><\/p>\n<p style=\"text-align: center;\"><span style=\"color: #333333;\">M\u00e4rz 2009\u00a0<\/span><\/p>\n<div class=\"storycontent\">\n<p style=\"text-align: center;\"><span style=\"color: #333333;\">\u00a9 Inge Schmitzberger<\/span><\/p>\n<p style=\"text-align: center;\"><span style=\"color: #333333;\">Es ist erlaubt diesen Text zu verbreiten, solange er vollst\u00e4ndig und unver\u00e4ndert unter dem Namen des Autors, sein Copyright, seine Website: www.elindra.de und dieser Hinweis mit aufgef\u00fchrt wird.<\/span><\/p>\n<\/div>\n","protected":false},"excerpt":{"rendered":"<p>\u00a0\u00a0\u00a0\u00a0\u00a0\u00a0\u00a0\u00a0\u00a0\u00a0\u00a0 \u2665 Die Quelle Allen Seins sagt: Medium: Inge \u2665 ALLES ist geboren aus der Liebe.\u2028 Alles ist entstanden aus der Liebe heraus. Denn nur die Liebe vollbringt das Wunder, dass sich Licht in Materie verdichten kann. . Nichts kann entstehen ohne Liebe.\u2028 So ist ALLES entstanden aus dem Licht und der Liebe.\u2028 Also ist ALLES Licht und Liebe! . Alles besteht aus Licht und Liebe.\u2028 Egal, wie man es bewertet.\u2028 Egal, ob das Gute oder das so genannte B\u00f6se.\u2028 ALLES wurde geboren aus der Liebe heraus.\u2028 Alles ist Liebe!\u2028 . Auch wenn der Ausdruck dieses vergessen hat, so ist&hellip;<\/p>\n","protected":false},"author":1,"featured_media":0,"parent":1314,"menu_order":0,"comment_status":"closed","ping_status":"closed","template":"","meta":[],"_links":{"self":[{"href":"https:\/\/elindra.de\/index.php?rest_route=\/wp\/v2\/pages\/2272"}],"collection":[{"href":"https:\/\/elindra.de\/index.php?rest_route=\/wp\/v2\/pages"}],"about":[{"href":"https:\/\/elindra.de\/index.php?rest_route=\/wp\/v2\/types\/page"}],"author":[{"embeddable":true,"href":"https:\/\/elindra.de\/index.php?rest_route=\/wp\/v2\/users\/1"}],"replies":[{"embeddable":true,"href":"https:\/\/elindra.de\/index.php?rest_route=%2Fwp%2Fv2%2Fcomments&post=2272"}],"version-history":[{"count":27,"href":"https:\/\/elindra.de\/index.php?rest_route=\/wp\/v2\/pages\/2272\/revisions"}],"predecessor-version":[{"id":13098,"href":"https:\/\/elindra.de\/index.php?rest_route=\/wp\/v2\/pages\/2272\/revisions\/13098"}],"up":[{"embeddable":true,"href":"https:\/\/elindra.de\/index.php?rest_route=\/wp\/v2\/pages\/1314"}],"wp:attachment":[{"href":"https:\/\/elindra.de\/index.php?rest_route=%2Fwp%2Fv2%2Fmedia&parent=2272"}],"curies":[{"name":"wp","href":"https:\/\/api.w.org\/{rel}","templated":true}]}}