{"id":2370,"date":"2015-11-14T16:43:27","date_gmt":"2015-11-14T15:43:27","guid":{"rendered":"http:\/\/elindra.de\/?page_id=2370"},"modified":"2025-08-24T13:18:34","modified_gmt":"2025-08-24T12:18:34","slug":"heilenergien-nuggets","status":"publish","type":"page","link":"https:\/\/elindra.de\/?page_id=2370","title":{"rendered":"Heilenergien \/ Nuggets"},"content":{"rendered":"<div><span style=\"color: #ffffff;\">.<\/span><\/div>\n<div><span style=\"color: #000080;\">\u00a0\u00dcber das Arbeiten mit unseren<a style=\"color: #000080;\" title=\"Kosmische Eltern\" href=\"http:\/\/elindra.de\/?p=794\" target=\"_blank\" rel=\"noopener noreferrer\"> kosmischen Eltern<\/a> und der Priesterschaft <a style=\"color: #000080;\" title=\"Lemurien\" href=\"http:\/\/elindra.de\/?page_id=443\">Lemuriens<\/a> wurden uns von der geistigen Welt Nuggets mit wunderbaren heilenden Energien geschenkt: <\/span><\/div>\n<div><span style=\"color: #ffffff;\">.<\/span><\/div>\n<p><span style=\"color: #000080;\">\u00a0<\/span><\/p>\n<ul>\n<li><span style=\"color: #000080;\"><a style=\"color: #000080;\" href=\"http:\/\/elindra.de\/?page_id=2715\" target=\"_blank\" rel=\"noopener noreferrer\"><strong>Gr\u00fcne Nuggets ~ mit der lemurianische Heilenergie<\/strong><\/a> &amp; <strong>Heilungsmeditation mit den gr\u00fcnen Nuggets<\/strong><br \/>\n<\/span><\/li>\n<li><span style=\"color: #000080;\"><a style=\"color: #000080;\" href=\"http:\/\/elindra.de\/?page_id=12\"><strong>Rote Nuggets ~ mit der Heilenergie der Rose vereint mit Mu, der g\u00f6ttlichen Liebe Lemuriens<\/strong><\/a><\/span><\/li>\n<\/ul>\n<p><span style=\"color: #ffffff;\">.<\/span><\/p>\n<p><span style=\"color: #000080;\">F\u00fcr beide Heilenergien wurden uns von der Geistigen Welt \u00dcbungen in Form von Meditationen gegeben. \u00dcber diese Meditationen k\u00f6nnen unsere Systeme die Energien optimal aufnehmen und umsetzen. Dabei wird um uns ein speziell auf unser System abgestimmtes schwingendes Heilungsfeld aufgebaut. Dieses gleicht disharmonische Schwingungen in unserem System aus und bringt uns dadurch wieder in den Gleichklang. Dies bewirkt, dass sich Blockaden und alte Muster in uns l\u00f6sen. Ruhe und Frieden kehren ein. Der Mensch geht in eine tiefe Entspannung.<br \/>\n<\/span><\/p>\n<p><span style=\"color: #000080;\">Die Geistige Welt und Elyah in Zusammenarbeit mit den 6 Sternenrassen bzw. der Priesterschaft Lemuriens stimmen die Heilungsenergien auf die jeweilig Pers\u00f6nlichkeit und Entwicklung des Menschen ab.<\/span><\/p>\n<p><span style=\"color: #000080;\">Die Meditationen m\u00f6chte ich allen Menschen \u00fcber diesen Wege zur Verf\u00fcgung stellen.<\/span><\/p>\n<p><span style=\"color: #000080;\">Wer tiefer in diese Materie eintauchen m\u00f6chte und sich mehr f\u00fcr seine Abstammung ~ f\u00fcr die 6 Sternenrassen, die zu unseren kosmischen Eltern z\u00e4hlen bzw. der lemurianischen Heilenergie; der Priesterschaft Lemuriens; der <a style=\"color: #000080;\" title=\"Lemurien\" href=\"http:\/\/elindra.de\/?page_id=443\" target=\"_blank\" rel=\"noopener noreferrer\">g\u00f6ttlichen Liebe Lemuriens, auch Mu<\/a> genannt ~ interessiert, dem empfehle ich die Teilnahme der Workshops: <a style=\"color: #000080;\" title=\"Die Erweckung der Priester Lemuriens\" href=\"http:\/\/elindra.de\/?page_id=14\">\u201eDie Erweckung der Priester Lemuriens\u201c<\/a> oder \u201eDie Liebe Lemuriens\u201c.<\/span><\/p>\n<p><span style=\"color: #000080;\"><em>Da die Ausbeutung von unserer Mutter Erde immer gr\u00f6\u00dfer Ausma\u00dfe annimmt und im Wissen, wie wichtig die kristallinen Schichten f\u00fcr den Energiefluss\u00a0unserer\u00a0Erde sind, hat die Geistige Welt beschlossen von der Verwendung von edlen Kristallen als Energietr\u00e4ger abzusehen. Als Tr\u00e4ger f\u00fcr die einzelnen Heilenergien dienen\u00a0deshalb Glas-Nuggets.<\/em><\/span><\/p>\n<p><span style=\"color: #000080;\"><em>Die Glas-Nuggets mit der gew\u00fcnschten Energien k\u00f6nnen bei mir angefordert werden: <a style=\"color: #000080;\" href=\"http:\/\/elindra.de\/?page_id=11\" target=\"_blank\" rel=\"noopener noreferrer\">inge@elindra.de<\/a><\/em><\/span><\/p>\n<p><span style=\"color: #ffffff;\">.<\/span><\/p>\n","protected":false},"excerpt":{"rendered":"<p>. \u00a0\u00dcber das Arbeiten mit unseren kosmischen Eltern und der Priesterschaft Lemuriens wurden uns von der geistigen Welt Nuggets mit wunderbaren heilenden Energien geschenkt: . \u00a0 Gr\u00fcne Nuggets ~ mit der lemurianische Heilenergie &amp; Heilungsmeditation mit den gr\u00fcnen Nuggets Rote Nuggets ~ mit der Heilenergie der Rose vereint mit Mu, der g\u00f6ttlichen Liebe Lemuriens . F\u00fcr beide Heilenergien wurden uns von der Geistigen Welt \u00dcbungen in Form von Meditationen gegeben. \u00dcber diese Meditationen k\u00f6nnen unsere Systeme die Energien optimal aufnehmen und umsetzen. Dabei wird um uns ein speziell auf unser System abgestimmtes schwingendes Heilungsfeld aufgebaut. Dieses gleicht disharmonische Schwingungen in&hellip;<\/p>\n","protected":false},"author":1,"featured_media":0,"parent":693,"menu_order":0,"comment_status":"closed","ping_status":"closed","template":"","meta":[],"_links":{"self":[{"href":"https:\/\/elindra.de\/index.php?rest_route=\/wp\/v2\/pages\/2370"}],"collection":[{"href":"https:\/\/elindra.de\/index.php?rest_route=\/wp\/v2\/pages"}],"about":[{"href":"https:\/\/elindra.de\/index.php?rest_route=\/wp\/v2\/types\/page"}],"author":[{"embeddable":true,"href":"https:\/\/elindra.de\/index.php?rest_route=\/wp\/v2\/users\/1"}],"replies":[{"embeddable":true,"href":"https:\/\/elindra.de\/index.php?rest_route=%2Fwp%2Fv2%2Fcomments&post=2370"}],"version-history":[{"count":17,"href":"https:\/\/elindra.de\/index.php?rest_route=\/wp\/v2\/pages\/2370\/revisions"}],"predecessor-version":[{"id":3580,"href":"https:\/\/elindra.de\/index.php?rest_route=\/wp\/v2\/pages\/2370\/revisions\/3580"}],"up":[{"embeddable":true,"href":"https:\/\/elindra.de\/index.php?rest_route=\/wp\/v2\/pages\/693"}],"wp:attachment":[{"href":"https:\/\/elindra.de\/index.php?rest_route=%2Fwp%2Fv2%2Fmedia&parent=2370"}],"curies":[{"name":"wp","href":"https:\/\/api.w.org\/{rel}","templated":true}]}}