{"id":33,"date":"2008-03-20T21:14:43","date_gmt":"2008-03-20T20:14:43","guid":{"rendered":"http:\/\/eumel59.de\/wordpress3\/?page_id=56"},"modified":"2025-08-24T14:04:18","modified_gmt":"2025-08-24T13:04:18","slug":"einzelsitzungen","status":"publish","type":"page","link":"https:\/\/elindra.de\/?page_id=33","title":{"rendered":"Einzelsitzung"},"content":{"rendered":"<h1 style=\"text-align: left;\"><em><strong><span style=\"color: #000080;\">\u00a0<\/span><\/strong><\/em><\/h1>\n<p style=\"text-align: center;\"><span style=\"text-decoration: underline;\"><em><strong><span style=\"color: #000080; text-decoration: underline;\"><span style=\"color: #ffffff; text-decoration: underline;\">Heil..<\/span><\/span><\/strong><\/em><\/span><\/p>\n<p><em><span style=\"color: #000080;\">\u00c4ngste, schmerzliche Erfahrungen, Schuld &#8230; erschaffen in uns Glaubenss\u00e4tze, Blockaden und Muster, die uns eingrenzen und unser Dasein erschweren. Sie beeinflussen unser Denken und Handeln, sogar dann wenn wir uns ihrer nicht bewusst sind. <\/span><\/em><\/p>\n<p><em><span style=\"color: #000080;\">Erlaube dir wieder frei zu werden. <\/span><\/em><\/p>\n<p><em><span style=\"color: #000080;\">Alleine ist dieses aber oftmals sehr schwer. <\/span><\/em><em><span style=\"color: #000080;\">Darum biete ich dir hier mein Wissen und K\u00f6nnen an. \u00dcber Aufstellungs- und Clearingsarbeiten betrachten wir gemeinsam das Thema, um es anschlie\u00dfend \u00fcber die Seelen- und Inkarnationsebene zu l\u00f6sen.<\/span><\/em><\/p>\n<p><span style=\"color: #ffffff;\">.<\/span><\/p>\n<p><span style=\"color: #000080;\"><strong>Termin:<\/strong> nach Vereinbarung, Tel.:\u00a0 +49-(0)162 &#8211; 95 23 951 oder \u00fcber\u00a0 <a title=\"Kontakt\" href=\"http:\/\/elindra.de\/?page_id=11\">inge@elindra.de<\/a><\/span><\/p>\n<p><span style=\"color: #ffffff;\">.<\/span><\/p>\n<p><span style=\"text-decoration: underline; color: #808080;\"><strong>Hinweis:<\/strong><\/span><span style=\"color: #000080;\"> Ich empfehle niemals eine medizinische Behandlung abzubrechen oder Medikamente abzusetzen, auch erstelle ich keine Diagnosen. <\/span><\/p>\n","protected":false},"excerpt":{"rendered":"<p>\u00a0 Heil.. \u00c4ngste, schmerzliche Erfahrungen, Schuld &#8230; erschaffen in uns Glaubenss\u00e4tze, Blockaden und Muster, die uns eingrenzen und unser Dasein erschweren. Sie beeinflussen unser Denken und Handeln, sogar dann wenn wir uns ihrer nicht bewusst sind. Erlaube dir wieder frei zu werden. Alleine ist dieses aber oftmals sehr schwer. Darum biete ich dir hier mein Wissen und K\u00f6nnen an. \u00dcber Aufstellungs- und Clearingsarbeiten betrachten wir gemeinsam das Thema, um es anschlie\u00dfend \u00fcber die Seelen- und Inkarnationsebene zu l\u00f6sen. . Termin: nach Vereinbarung, Tel.:\u00a0 +49-(0)162 &#8211; 95 23 951 oder \u00fcber\u00a0 inge@elindra.de . Hinweis: Ich empfehle niemals eine medizinische Behandlung abzubrechen&hellip;<\/p>\n","protected":false},"author":1,"featured_media":57,"parent":0,"menu_order":10,"comment_status":"closed","ping_status":"closed","template":"","meta":[],"_links":{"self":[{"href":"https:\/\/elindra.de\/index.php?rest_route=\/wp\/v2\/pages\/33"}],"collection":[{"href":"https:\/\/elindra.de\/index.php?rest_route=\/wp\/v2\/pages"}],"about":[{"href":"https:\/\/elindra.de\/index.php?rest_route=\/wp\/v2\/types\/page"}],"author":[{"embeddable":true,"href":"https:\/\/elindra.de\/index.php?rest_route=\/wp\/v2\/users\/1"}],"replies":[{"embeddable":true,"href":"https:\/\/elindra.de\/index.php?rest_route=%2Fwp%2Fv2%2Fcomments&post=33"}],"version-history":[{"count":164,"href":"https:\/\/elindra.de\/index.php?rest_route=\/wp\/v2\/pages\/33\/revisions"}],"predecessor-version":[{"id":13361,"href":"https:\/\/elindra.de\/index.php?rest_route=\/wp\/v2\/pages\/33\/revisions\/13361"}],"wp:featuredmedia":[{"embeddable":true,"href":"https:\/\/elindra.de\/index.php?rest_route=\/wp\/v2\/media\/57"}],"wp:attachment":[{"href":"https:\/\/elindra.de\/index.php?rest_route=%2Fwp%2Fv2%2Fmedia&parent=33"}],"curies":[{"name":"wp","href":"https:\/\/api.w.org\/{rel}","templated":true}]}}