{"id":4,"date":"2008-01-23T06:55:15","date_gmt":"2008-01-23T05:55:15","guid":{"rendered":"http:\/\/eumel59.de\/wordpress3\/?page_id=3"},"modified":"2025-08-24T12:43:38","modified_gmt":"2025-08-24T11:43:38","slug":"impressum","status":"publish","type":"page","link":"https:\/\/elindra.de\/?page_id=4","title":{"rendered":"Impressum"},"content":{"rendered":"<p>Dies ist ein privater Blog von<\/p>\n<p><strong>Inge Schmitzberger<\/strong><br \/>\nK\u00f6hlerstra\u00dfe 12<br \/>\nD &#8211; 83137 Schonstett<\/p>\n<p><span style=\"color: #ffffff;\">.<\/span><\/p>\n<p><strong>Kontakt \u00fcber:<\/strong><\/p>\n<p>E-Mail:<a title=\"Kontakt\" href=\"http:\/\/elindra.de\/?page_id=11\" target=\"_blank\" rel=\"noopener noreferrer\"> inge@elindra.de<\/a><\/p>\n<p>Tel: +49-(0)162-9523951<\/p>\n<p><span style=\"color: #ffffff;\">.<\/span><\/p>\n<p>Wenn du einen Newsletter w\u00fcnscht oder abbestellen m\u00f6chtet,<\/p>\n<p>so schicke mir bitte eine kurze E-Mail mit dem Vermerk:<\/p>\n<p><strong>\u201eNewsletter gew\u00fcnscht bzw. abbestellen\u201c<\/strong><\/p>\n<p><span style=\"color: #ffffff;\">.<\/span><\/p>\n<p><span style=\"color: #ffffff;\">.<\/span><\/p>\n<p>Steuernummer: 156\/269\/70106<\/p>\n<p>Inhaltlich Verantwortlicher gem\u00e4\u00df \u00a7 10 Absatz 3 MDStV<br \/>\nInge Schmitzberger (Anschrift wie oben)<\/p>\n<p><strong>Haftung meiner T\u00e4tigkeit<\/strong><\/p>\n<p>Der Teilnehmer an Seminaren, Workshops sowie auch der Klient von Einzelsitzungen nimmt freiwillig und eigenverantwortlich teil. Daraus eventuell resultierende Folgen, gleich welcher Art, hafte ich nicht.<\/p>\n<p><strong>Geistheilarbeit<\/strong><br \/>\nGeistiges Heilen z\u00e4hlt nicht zu den gesetzlich anerkannten Heilberufen, sondern bedeutet laut Gesetz &#8222;Aktivierung der Selbstheilungskr\u00e4fte&#8220; und ist nach dem Urteil des Bundesverfassungsgerichts vom 2. M\u00e4rz 2004 (1 BvR 784\/03) ohne Heilpraktikerschein erlaubt. Meine T\u00e4tigkeit ersetzt weder die Diagnose, noch die Behandlung durch einen Therapeuten, Psychologen, Arzt oder Heilpraktiker.<span style=\"font-size: 14px;\"><span style=\"color: #880000;\"><span style=\"font-size: 18px;\"><br \/>\n<\/span><\/span><\/span><\/p>\n<p><strong>Copyright<\/strong><br \/>\nAlle Rechte vorbehalten. Jegliche Vervielf\u00e4ltigung oder Weiterverbreitung von Texten und\/oder Grafiken dieser Webseite als Ganzes oder in Teilen bedarf der Zustimmung des Verfassers.<\/p>\n<p><strong>Haftungshinweis<\/strong><br \/>\nTrotz sorgf\u00e4ltiger inhaltlicher Kontrolle \u00fcbernimmt <a title=\"Esoterikblog\" href=\"http:\/\/eumel59.de\/wordpress3\">Inge Schmitzberger <\/a>keine Haftung f\u00fcr die Inhalte externer Links. F\u00fcr den Inhalt der verlinkten Seiten sind ausschlie\u00dflich deren Betreiber verantwortlich.<\/p>\n","protected":false},"excerpt":{"rendered":"<p>Dies ist ein privater Blog von Inge Schmitzberger K\u00f6hlerstra\u00dfe 12 D &#8211; 83137 Schonstett . Kontakt \u00fcber: E-Mail: inge@elindra.de Tel: +49-(0)162-9523951 . Wenn du einen Newsletter w\u00fcnscht oder abbestellen m\u00f6chtet, so schicke mir bitte eine kurze E-Mail mit dem Vermerk: \u201eNewsletter gew\u00fcnscht bzw. abbestellen\u201c . . Steuernummer: 156\/269\/70106 Inhaltlich Verantwortlicher gem\u00e4\u00df \u00a7 10 Absatz 3 MDStV Inge Schmitzberger (Anschrift wie oben) Haftung meiner T\u00e4tigkeit Der Teilnehmer an Seminaren, Workshops sowie auch der Klient von Einzelsitzungen nimmt freiwillig und eigenverantwortlich teil. Daraus eventuell resultierende Folgen, gleich welcher Art, hafte ich nicht. Geistheilarbeit Geistiges Heilen z\u00e4hlt nicht zu den gesetzlich anerkannten Heilberufen,&hellip;<\/p>\n","protected":false},"author":1,"featured_media":0,"parent":0,"menu_order":19,"comment_status":"open","ping_status":"open","template":"","meta":[],"_links":{"self":[{"href":"https:\/\/elindra.de\/index.php?rest_route=\/wp\/v2\/pages\/4"}],"collection":[{"href":"https:\/\/elindra.de\/index.php?rest_route=\/wp\/v2\/pages"}],"about":[{"href":"https:\/\/elindra.de\/index.php?rest_route=\/wp\/v2\/types\/page"}],"author":[{"embeddable":true,"href":"https:\/\/elindra.de\/index.php?rest_route=\/wp\/v2\/users\/1"}],"replies":[{"embeddable":true,"href":"https:\/\/elindra.de\/index.php?rest_route=%2Fwp%2Fv2%2Fcomments&post=4"}],"version-history":[{"count":21,"href":"https:\/\/elindra.de\/index.php?rest_route=\/wp\/v2\/pages\/4\/revisions"}],"predecessor-version":[{"id":13492,"href":"https:\/\/elindra.de\/index.php?rest_route=\/wp\/v2\/pages\/4\/revisions\/13492"}],"wp:attachment":[{"href":"https:\/\/elindra.de\/index.php?rest_route=%2Fwp%2Fv2%2Fmedia&parent=4"}],"curies":[{"name":"wp","href":"https:\/\/api.w.org\/{rel}","templated":true}]}}