{"id":693,"date":"2010-06-10T14:19:21","date_gmt":"2010-06-10T12:19:21","guid":{"rendered":"http:\/\/elindra.de\/?page_id=693"},"modified":"2025-08-24T12:31:34","modified_gmt":"2025-08-24T11:31:34","slug":"news","status":"publish","type":"page","link":"https:\/\/elindra.de\/?page_id=693","title":{"rendered":"Durchgaben"},"content":{"rendered":"<p><span style=\"color: #000080;\">Hier findest Du Informatives \u00fcber den Weg der Seelen durch die ungeheilte Dualit\u00e4t, \u00fcber Lemurien, Mu und der Rose, sowie Erkl\u00e4rungen was unsere Erde und den Aufstieg betrifft, aber auch liebende Worte der Quelle Allen Seins und &#8230;<br><\/span><\/p>\n<p><span style=\"color: #000080;\">Hier versuche ich Zusammenh\u00e4nge zu erkl\u00e4ren und Informationen weiter zu geben, die ich von der geistigen Welt erhalten habe.<\/span><\/p>\n<p><\/p>\n\n\n<p><\/p>\n","protected":false},"excerpt":{"rendered":"<p>Hier findest Du Informatives \u00fcber den Weg der Seelen durch die ungeheilte Dualit\u00e4t, \u00fcber Lemurien, Mu und der Rose, sowie Erkl\u00e4rungen was unsere Erde und den Aufstieg betrifft, aber auch liebende Worte der Quelle Allen Seins und &#8230; Hier versuche ich Zusammenh\u00e4nge zu erkl\u00e4ren und Informationen weiter zu geben, die ich von der geistigen Welt erhalten habe.<\/p>\n","protected":false},"author":1,"featured_media":0,"parent":0,"menu_order":10,"comment_status":"closed","ping_status":"open","template":"","meta":[],"_links":{"self":[{"href":"https:\/\/elindra.de\/index.php?rest_route=\/wp\/v2\/pages\/693"}],"collection":[{"href":"https:\/\/elindra.de\/index.php?rest_route=\/wp\/v2\/pages"}],"about":[{"href":"https:\/\/elindra.de\/index.php?rest_route=\/wp\/v2\/types\/page"}],"author":[{"embeddable":true,"href":"https:\/\/elindra.de\/index.php?rest_route=\/wp\/v2\/users\/1"}],"replies":[{"embeddable":true,"href":"https:\/\/elindra.de\/index.php?rest_route=%2Fwp%2Fv2%2Fcomments&post=693"}],"version-history":[{"count":46,"href":"https:\/\/elindra.de\/index.php?rest_route=\/wp\/v2\/pages\/693\/revisions"}],"predecessor-version":[{"id":13484,"href":"https:\/\/elindra.de\/index.php?rest_route=\/wp\/v2\/pages\/693\/revisions\/13484"}],"wp:attachment":[{"href":"https:\/\/elindra.de\/index.php?rest_route=%2Fwp%2Fv2%2Fmedia&parent=693"}],"curies":[{"name":"wp","href":"https:\/\/api.w.org\/{rel}","templated":true}]}}