{"id":8,"date":"2008-01-27T17:31:14","date_gmt":"2008-01-27T16:31:14","guid":{"rendered":"http:\/\/eumel59.de\/wordpress3\/?page_id=11"},"modified":"2025-08-24T13:57:17","modified_gmt":"2025-08-24T12:57:17","slug":"inge","status":"publish","type":"page","link":"https:\/\/elindra.de\/?page_id=8","title":{"rendered":"\u00fcber mich"},"content":{"rendered":"<p><a href=\"http:\/\/elindra.de\/wp-content\/uploads\/2021\/01\/IMG_20200925_164359_115-scaled.jpg\"><img loading=\"lazy\" class=\"alignnone  wp-image-3346\" src=\"http:\/\/elindra.de\/wp-content\/uploads\/2021\/01\/IMG_20200925_164359_115-225x300.jpg\" alt=\"\" width=\"89\" height=\"118\" srcset=\"https:\/\/elindra.de\/wp-content\/uploads\/2021\/01\/IMG_20200925_164359_115-225x300.jpg 225w, https:\/\/elindra.de\/wp-content\/uploads\/2021\/01\/IMG_20200925_164359_115-768x1024.jpg 768w, https:\/\/elindra.de\/wp-content\/uploads\/2021\/01\/IMG_20200925_164359_115-1152x1536.jpg 1152w, https:\/\/elindra.de\/wp-content\/uploads\/2021\/01\/IMG_20200925_164359_115-1536x2048.jpg 1536w, https:\/\/elindra.de\/wp-content\/uploads\/2021\/01\/IMG_20200925_164359_115-113x150.jpg 113w, https:\/\/elindra.de\/wp-content\/uploads\/2021\/01\/IMG_20200925_164359_115-scaled.jpg 1920w\" sizes=\"(max-width: 89px) 100vw, 89px\" \/><\/a><span style=\"color: #000000;\">Seit<\/span> <span style=\"color: #000000;\">1960 wandere ich \u00fcber unsere Erde. Lange Zeit in dem Bewusstsein, dass die Realit\u00e4t nur aus dem bestand, was man sehen und anfassen konnte. Alles andere galt als Humbug. <\/span><\/p>\n<p><span style=\"color: #000000;\">Doch oft kommt und ist es anderes, als man zu denken glaubt.\u00a0<\/span><\/p>\n<p><span style=\"color: #000000;\">2003 \u00f6ffnete sich f\u00fcr mich eine T\u00fcr zur geistigen Welt. V\u00f6llig perplex durfte ich schon bald erkennen, dass mein altes Weltbild, meine alte Realit\u00e4t nicht dem entsprach, was sich mir nun offenbarte .<\/span><span style=\"color: #000000;\">&#8230; Engelwesen &#8230; Drachenwesenwesenheiten &#8230; das Alte Volk (Elfen, Feen usw.). Unsichtbar f\u00fcr meine Augen konnte ich dennoch ihr Dasein, ihr Bewusstsein \u00fcber meine Herzensebene f\u00fchlen. So \u00f6ffnete ich noch weiter mein Herz f\u00fcr sie.<\/span><\/p>\n<p><span style=\"color: #000000;\">Wo fr\u00fcher nur Leere um mich war &#8230; war nun pl\u00f6tzlich Leben &#8230; denkendes Bewusstsein in Form von diversen Wesenheiten und immer mehr begann ich ihre Anwesenheit zu f\u00fchlen und zu sp\u00fcren.\u00a0<\/span><\/p>\n<p><span style=\"color: #000000;\">Meine Neugierde war nun geweckt und ich wollte mehr erfahren &#8230; \u00fcber diese &#8222;unsichtbare Welt&#8220; mitsamt ihren Engel und all den anderen Wesenheiten &#8230;<\/span><\/p>\n<p><span style=\"color: #000000;\">So begann meine Zeit des Lernens. Zuerst durch weltliche Lehrer, aber schon bald durch die geistige Welt. Dieses geschah vor allem durch die Drachenwesenheiten, Elyah, sowie der aufgestiegenen Meister.<\/span><\/p>\n<p><span style=\"color: #000000;\">All dies hat mein Leben sehr bereichert und meine alte Vorstellung \u00fcber das Leben und das Sein gr\u00fcndlich auf den Kopf gestellt. Alles ver\u00e4nderte sich f\u00fcr mich und zwar auf eine Art und Weise, die mich immer mehr \u00f6ffnete f\u00fcr die hingebungsvolle Liebe und den Humor dieser Wesenheiten.<\/span><\/p>\n<p style=\"text-align: center;\">**<\/p>\n<p><span style=\"color: #ffffff;\">.<\/span><\/p>\n<p><strong><em>Diese Wesenheiten begleiten mich:\u00a0<\/em><\/strong><\/p>\n<h2><em><span style=\"color: #808080;\"><strong>Elyah<\/strong><\/span><\/em><\/h2>\n<p><span style=\"color: #000000;\">Elyah, eine Sternenwesenheit aus Kassiopeia, begleitet und unterst\u00fctzt mich auf meinen Weg. Mit ihrer liebevollen Art und Weise schenkt sie mir Halt auf all meinen Wegen sowie Umwegen.<\/span><\/p>\n<p style=\"text-align: center;\">**<\/p>\n<h2><span style=\"color: #ffffff;\">.<\/span><strong style=\"color: #808080; font-size: revert;\"><em>Drachenwesenheiten<\/em><\/strong><\/h2>\n<p><span style=\"color: #333333;\">Drachen besitzen ein Herz voller Liebe, gro\u00dfe Weisheit, ein transformierendes Energiesystem und sind zielorientiert.<\/span><\/p>\n<p><span style=\"color: #000000;\">Schon sehr bald kamen einzelne Drachen auf mich zu und sie umarmten mich mit ihrer Liebe. Zuerst dachte ich, dies alles sei nur meine Fantasie und es war f\u00fcr mich wie ein Spiel. Doch schon bald durfte ich begreifen, dass dies bei weitem mehr war als nur meine Fantasie. <\/span><\/p>\n<p><span style=\"color: #000000;\">Sie lehrten mich so geduldig und auf eine Art und Weise, die so spielerisch geschah, sodass ich eine sehr lange Zeitspanne ben\u00f6tigte um \u00fcberhaupt zu begreifen, was hier wirklich vonstatten ging, dass ich von ihnen geschult wurde.<\/span><\/p>\n<p><span style=\"color: #000000;\">Unter anderem lehrten sie mich das &#8222;Beurteilung&#8220; nicht nur Trennung erzeugt, sondern auch gleichzeitig die ungeheilte Dualit\u00e4t st\u00e4rkt. Und zugleich zeigten sie mir wie heilend die Liebe ist. Gelebte Liebe heilt die Herzen und wenn unser Herz heilt, entsteht Heilung in unserem kompletten Sein.<\/span><\/p>\n<p><span style=\"color: #ffffff;\">.<\/span><\/p>\n<h3 style=\"text-align: center;\"><em><span style=\"color: #000080;\">Liebe bewertet nicht ~ <\/span><\/em><em><span style=\"color: #000080;\">Liebe trennt nicht ~ <\/span><\/em><\/h3>\n<h3 style=\"text-align: center;\"><em><span style=\"color: #000080;\">Liebe vereint!<\/span><\/em><\/h3>\n<p><span style=\"color: #ffffff;\">.<\/span><\/p>\n<h3 style=\"text-align: center;\"><em><span style=\"color: #000080;\">Die Trennung &#8230; n\u00e4hrt die ungeheilte Dualit\u00e4t &#8230; die Liebe heilt sie.<\/span><\/em><\/h3>\n<p style=\"text-align: center;\">\n<p><span style=\"color: #ffffff;\">.<\/span><\/p>\n<p><span style=\"color: #ffffff;\">E<\/span><\/p>\n<p><span style=\"color: #ffffff;\">.<\/span><\/p>\n","protected":false},"excerpt":{"rendered":"<p>Seit 1960 wandere ich \u00fcber unsere Erde. Lange Zeit in dem Bewusstsein, dass die Realit\u00e4t nur aus dem bestand, was man sehen und anfassen konnte. Alles andere galt als Humbug. Doch oft kommt und ist es anderes, als man zu denken glaubt.\u00a0 2003 \u00f6ffnete sich f\u00fcr mich eine T\u00fcr zur geistigen Welt. V\u00f6llig perplex durfte ich schon bald erkennen, dass mein altes Weltbild, meine alte Realit\u00e4t nicht dem entsprach, was sich mir nun offenbarte .&#8230; Engelwesen &#8230; Drachenwesenwesenheiten &#8230; das Alte Volk (Elfen, Feen usw.). Unsichtbar f\u00fcr meine Augen konnte ich dennoch ihr Dasein, ihr Bewusstsein \u00fcber meine Herzensebene f\u00fchlen.&hellip;<\/p>\n","protected":false},"author":1,"featured_media":0,"parent":0,"menu_order":11,"comment_status":"closed","ping_status":"closed","template":"","meta":[],"_links":{"self":[{"href":"https:\/\/elindra.de\/index.php?rest_route=\/wp\/v2\/pages\/8"}],"collection":[{"href":"https:\/\/elindra.de\/index.php?rest_route=\/wp\/v2\/pages"}],"about":[{"href":"https:\/\/elindra.de\/index.php?rest_route=\/wp\/v2\/types\/page"}],"author":[{"embeddable":true,"href":"https:\/\/elindra.de\/index.php?rest_route=\/wp\/v2\/users\/1"}],"replies":[{"embeddable":true,"href":"https:\/\/elindra.de\/index.php?rest_route=%2Fwp%2Fv2%2Fcomments&post=8"}],"version-history":[{"count":103,"href":"https:\/\/elindra.de\/index.php?rest_route=\/wp\/v2\/pages\/8\/revisions"}],"predecessor-version":[{"id":13476,"href":"https:\/\/elindra.de\/index.php?rest_route=\/wp\/v2\/pages\/8\/revisions\/13476"}],"wp:attachment":[{"href":"https:\/\/elindra.de\/index.php?rest_route=%2Fwp%2Fv2%2Fmedia&parent=8"}],"curies":[{"name":"wp","href":"https:\/\/api.w.org\/{rel}","templated":true}]}}