{"id":86,"date":"2008-11-10T11:41:09","date_gmt":"2008-11-10T10:41:09","guid":{"rendered":"http:\/\/inge-elyah.de\/?page_id=86"},"modified":"2025-08-24T13:07:51","modified_gmt":"2025-08-24T12:07:51","slug":"blauer-nugget-energie-der-kosmischen-eltern","status":"publish","type":"page","link":"https:\/\/elindra.de\/?page_id=86","title":{"rendered":"Seelenwege"},"content":{"rendered":"<div class=\"storycontent\">\n<p style=\"text-align: left;\" align=\"CENTER\">Von Inge Schmitzberger<\/p>\n<p style=\"text-align: left;\" align=\"CENTER\"><span style=\"color: #000080;\">Auf dem Weg meiner Selbstfindung durfte ich mich viel mit meiner Seele auseinandersetzen. Dabei erhielt ich so manchen interessanten Einblick in diese Ebene. Eine Antwort auf eine Frage zu meiner Seelenebene, die mich seit Jahren besch\u00e4ftigte, erhielt ich nun und diese Antwort m\u00f6chte ich an alle weitergeben, die sich daf\u00fcr interessieren. Denn sie erscheint mir nicht nur wichtig, sondern sie erkl\u00e4rt uns Menschen auch sehr viel \u00fcber uns selbst, \u00fcber unseren Ursprung und \u00fcber unseren Weg durchs Universum.<\/span><\/p>\n<p style=\"text-align: left;\"><span style=\"color: #000080;\">Nun zu meiner Frage: Vor ein paar Jahren sagte man uns in einem Seminar, dass die Seelen, sprich Hohes Selbst, nicht unterscheiden, ob eine Energie, die sie durch die Inkarnation erh\u00e4lt, aus einer Schmerzerfahrung stammt oder aus einer Liebeserfahrung. Den Seelen, so erz\u00e4hlte man uns weiter, ist es egal, woher bzw. wodurch eine Energie entsteht \u2013 sie bewerten sie nicht. Dennoch, so h\u00f6rten wir, m\u00f6chten die Seelen Energie bekommen und zwar reichlich Energie. Und aus einer schmerzlichen Erfahrung entsteht nunmal mehr Energie als in einer Liebeserfahrung. Folglich\u2026<span id=\"more-1473\"><\/span><\/span><\/p>\n<p><span style=\"color: #000080;\">Diese Aussage ging mir nicht mehr aus dem Sinn. Einerseits, so hei\u00dft es, liebt uns unsere Seele \u00fcber alles und m\u00f6chte nur das Beste f\u00fcr uns \u2013 doch anderseits, m\u00f6chte sie reichlich Energie\u2026<\/span><\/p>\n<p><span style=\"color: #000080;\">Beide Aussagen \u00fcberschneiden sich und geben der anderen keinen Raum. Wie war nun meine Seele ausgerichtet? Liebte sie mich oder war ihr Augenmerk auf reichlich Energie gerichtet?<\/span><\/p>\n<p><span style=\"color: #000080;\">K\u00fcrzlich bekam ich von der Quelle Allen Seins eine Antwort auf meine Frage und diese Antwort erkl\u00e4rte mir sehr viel. Diese Erkl\u00e4rung m\u00f6chte ich gerne weitergeben, denn ich denke, sie ist f\u00fcr viele Menschen wichtig. Doch bevor ich die Worte der Quelle Allen Sein wiederhole, m\u00f6chte ich zum bessere Verstehen noch n\u00e4her auf die Seelenebene eingehen.<\/span><\/p>\n<p align=\"CENTER\"><span style=\"color: #000080;\">~<\/span><\/p>\n<p><span style=\"color: #000080;\">Ausgezogen aus der Quelle Allen Seins durchstreifen die Seelen das Universum, um sich selbst zu erfahren. Irgendwann auf ihrer Reise erreichen sie unser Universum, das Universum der ungeheilten Dualit\u00e4t. Doch so einfach d\u00fcrfen sie unser Universum nicht betreten, denn nur Seelen, die schon ein gewisses Wissen erreicht haben, kommen daf\u00fcr in Frage. Doch auch diese Seelen d\u00fcrfen unser Universum erst dann betreten, wenn sie eine andere Seele gefunden haben, die sie begleitet, ber\u00e4t, ihnen zur Seite steht \u00fcber die ganze Zeitspanne, die sie in dieser ungeheilten Dualit\u00e4t verbringen. Diese speziellen Seelen gehen nicht in eine eigene Inkarnation, sondern &#8218;begleiten nur&#8216; \u2013 ich nennen sie deshalb &#8218;<b>Begleiterseele&#8216;<\/b>. Ihre Aufgabe ist, die Seele zu beraten und zu f\u00fchren, damit sie den Weg aus der ungeheilten Dualit\u00e4t wieder raus findet.<\/span><\/p>\n<p><span style=\"color: #000080;\">Unsere Seele betritt nun mit ihrer Begleiterseele unser Universum der ungeheilten Dualit\u00e4t. Der Seele wurde im Vorfeld mitgeteilt, dass sie sich nun teilen wird. Die meisten Seelen teilen sich in mindestens 2 bis 9 Teile, aber auch mehr ist m\u00f6glich. Ein Seelenteil zieht zusammen mit der Begleiterseele in das Hohe Selbst und geht selbst in keine eigene Inkarnation. Diesen Teil nenne ich zur besseren Unterscheidung den &#8218;<b>g\u00f6ttlichen Seelenteil&#8216;<\/b>. Alle anderen Seelenteile gehen in die Inkarnation \u2013 sie nenne ich die &#8218;<b>inkarnierten Seelenteile&#8216;<\/b>.<\/span><\/p>\n<p><span style=\"color: #000080;\">Die Aufgabe des g\u00f6ttlichen Seelenteils ist, alle inkarnierten Seelenteile in ihren Inkarnationswegen zu koordinieren und zu lenken.<\/span><\/p>\n<p><span style=\"color: #000080;\">Meinen inkarnierten Seelenteil finde ich stets in meinem Herzen. Oftmals macht er sich auch bei mir durch mein Inneres Kind bemerkbar.<\/span><\/p>\n<p><span style=\"color: #000080;\">Der inkarnierte Seelenteil geht in die Inkarnation und somit voll in den Schmerz der Erfahrungen der ungeheilten Dualit\u00e4t ein. Wenn also der g\u00f6ttliche Seelenteil viel Energie m\u00f6chte, so darf der inkarnierte Seelenteil in den Schmerz gehen \u2013 falls die Aussage des damaligen Seminarleiters korrekt ist.<\/span><\/p>\n<p align=\"CENTER\"><span style=\"color: #000080;\">~<\/span><\/p>\n<p><span style=\"text-decoration: underline;\"><span style=\"color: #000080; text-decoration: underline;\">Meine pers\u00f6nlichen Erfahrungen:<\/span><\/span><\/p>\n<p><span style=\"color: #000080;\">Als ich 2004 die Sternenwesenheit Elyah befragte, ob sie mit mir verschmelzen wolle, bekam ich zur Antwort: \u201eEs ist der Wunsch deiner Seele.\u201c<\/span><\/p>\n<p><span style=\"color: #000080;\">Diese Aussage h\u00e4tte mich erfreuen sollen. Doch sie traf mich wie ein Faustschlag in den Magen. Angst und \u00dcbelkeit breitete sich schlagartig in mir aus. Woher sie kamen \u2013 ich wusste es nicht \u2013 genauso wenig das Warum! Doch pl\u00f6tzlich schrie eine Stimme in mir: \u201eWenn es der Wunsch der Seele ist, so bedeutet dies f\u00fcr uns Schmerz und Leid.\u201c<\/span><\/p>\n<p><span style=\"color: #000080;\">Damals wusste ich noch sehr wenig \u00fcber meine Seele und ihre Aufteilung. Auch war ich der Meinung ich h\u00e4tte eine sehr, sehr gute und liebevolle Verbindung zu meiner Seele. So dachte ich\u2026 doch wurde ich nun eines besseren Belehrt. Seit diesem Tag besch\u00e4ftige ich mich mit meiner Seelenebene.<\/span><\/p>\n<p><span style=\"color: #000080;\">Daraufhin sah ich mir in verschiedenen Aufstellungen meine Seelenteile genauer an und durfte dabei erkennen, dass mein inkarnierter Seelenteil vor dem g\u00f6ttlichen Seelenteil eine enorme Angst hatte. Diese Angst war mir unbegreiflich. Sollten sie nicht in Liebe miteinander verbunden sein? Auch hatte mein inkarnierter Seelenteil Angst g\u00e4nzlich in mich, in die eigene Inkarnation einzutauchen. Er hatte Angst vor dem Schmerz der Inkarnation!<\/span><\/p>\n<p><span style=\"color: #000080;\">Viele Ungereimtheiten taten sich auf und so begann ich mit meinen einzelnen Seelenteilen zu reden. Ich versuchte zu vereinen, was ich in Trennung wahrnahm. Obwohl sie n\u00e4her zusammenr\u00fcckten, musste ich zu meinem Bedauern oftmals feststellen, dass sich die Kluft zwischen ihnen immer wieder auftat. Was die Ursache hierf\u00fcr war, war mir unbegreiflich. Doch langsam d\u00e4mmerte mir, dass mein inkarnierter Seelenteil dem g\u00f6ttlichen nicht vertraute.<\/span><\/p>\n<p><span style=\"color: #000080;\">Im Laufe der Zeit durfte ich erkennen, dass nicht nur der inkarnierte Seelenteil, sondern auch der g\u00f6ttliche Seelenteil, mehr als ich es mir jemals vorzustellen getraute, in die ungeheilte Dualit\u00e4t eingetaucht war. Zu Anfangs konnte ich mit dieser Feststellung sehr wenig anfangen. Doch mit der Zeit d\u00e4mmerte mir, dass mein g\u00f6ttlicher Seelenteil ebenfalls in die Bewertung gegen\u00fcber dem inkarnierten Seelenteil gegangen war. Er verstand z.B. nicht, warum es dem inkarnierten Seelenteil nicht m\u00f6glich war, einfach das zu leben war er vorgab. Mein g\u00f6ttlicher Seelenteil verlor mit der Zeit sogar das Interesse an dem inkarnierten Seelenteil mitsamt seinen f\u00fcr ihn so uninteressanten Inkarnationen, in denen doch wieder mal nicht das gelebt wurde was er vorgab, und so wandte er sich interessanteren Dingen zu, wie z.B. Sternenwesenheiten und deren Heilungsm\u00f6glichkeiten. Wie es dem inkarnierten Seelenteil und dessen Inkarnationen w\u00e4hrenddessen erging, interessierten ihn dabei kaum \u2013 nur das Ergebnis z\u00e4hlte.<\/span><\/p>\n<p align=\"CENTER\"><span style=\"color: #000080;\">~<\/span><\/p>\n<p><span style=\"color: #000080;\">K\u00fcrzlich ich fragte die Quelle Allen Seins: \u201eStimmt die Aussage, die ich vor ein paar Jahren mal geh\u00f6rt habe, dass der g\u00f6ttliche Seelenteil immer nur Energie von der Inkarnation wollte und es ihr egal war, woher sie stammte? Dass sie den inkarnierten Seelenteil sogar in eine Inkarnation mit Leiderfahrungen schickte, nur um dadurch mehr Energie zu bekommen? Und wenn ja, warum tat sie das? Und ist dem wom\u00f6glich immer noch so?\u201c<\/span><\/p>\n<p><span style=\"color: #000080;\">Die Antwort der Quelle Allen Seins: \u201eDie Seelen zogen aus um sich zu erfahren. Um zu erleben wie es ist, getrennt zu sein. Getrennt zu sein von sich und auch von mir. Denn die Seelen konnten es sich nicht vorstellen, wie das ist. So betraten sie die ungeheilte Dualit\u00e4t. Dort erfuhren sie Trennung. Trennung von sich selbst und Trennung von mir. Trennung ist zwar Illusion. Doch in der ungeheilten Dualit\u00e4t wird die Illusion schnell zur scheinbaren Wahrheit. Zuvor waren die Seelen mit mir verbunden, eingeh\u00fcllt und versorgt mit meiner Liebesenergie. Doch nun f\u00fchlten sie sich allein und getrennt von mir.<\/span><\/p>\n<p><span style=\"color: #000080;\">Das war bei deiner Seele, bei deinem g\u00f6ttlichen Seelenteil nicht anders. Er f\u00fchlte sich getrennt von mir und sp\u00fcrte urpl\u00f6tzlich meine Energie nicht mehr, sondern nur noch eine leere K\u00e4lte, die ihn nun umgab. Er vermisste meine W\u00e4rme und versuchte diese Leere auszuf\u00fcllen indem er die Energie aus der Inkarnation nahm. Doch soviel Energie er auch aus der Inkarnation bezog, sie reichte nie aus um die Leer zu f\u00fcllen. Dadurch entstand in ihm der erste Mangel.<\/span><\/p>\n<p><span style=\"color: #000080;\">Pl\u00f6tzlich sp\u00fcrte er eine aufkeimende Angst in sich. Die Angst sich zu verlieren, sich in nichts aufzul\u00f6sen. Verzweifelt versuchte der g\u00f6ttliche Seelenteil seinen Mangel zu stillen, aber ein Mangel l\u00e4sst sich nicht stillen. Dieser Mangel \u00fcbertrug sich \u00fcber den inkarnierten Seelenteil bis in die Inkarnation.<\/span><\/p>\n<p><span style=\"color: #000080;\">Auf der Suche nach immer mehr Energie entdeckte der g\u00f6ttliche Seelenteil, dass aus Schmerz und Leid scheinbar wesentlich mehr Energie entsteht, als aus einer Liebeserfahrung. Und somit versuchte er seinen Mangel \u00fcber Leidenergie zu stillen. Doch auch dieses gl\u00fcckte ihm nicht.\u201c<\/span><\/p>\n<p align=\"CENTER\"><span style=\"color: #000080;\">~<\/span><\/p>\n<p><span style=\"color: #000080;\">Sogleich ging ich mit meinem g\u00f6ttlichen Seelenteil in Verbindung. \u201eG\u00f6ttliches Seelchen,\u201c, so sagte ich zu ihm, \u201ejetzt ist mir sehr viel klar geworden. Jetzt verstehe ich, warum du unbedingt Energie ben\u00f6tigt hast. Aber bitte verstehe auch mich, ich will keine Leiderfahrungen mehr machen. Ich will lachen und gl\u00fccklich sein. Ich will die Liebe leben. G\u00f6ttliches Seelchen, die Quelle Allen Seins sagte zu mir, die Trennung ist nur Illusion. Ich gehe ja auch mit der Quelle Allen Seins in Verbindung, da m\u00fcsste es doch m\u00f6glich sein, dich wieder mit der Quelle Allen Seins zu verbinden und zwar so, dass du ihre Liebe und Energie wieder sp\u00fcrst und aufnehmen kannst. Bitte g\u00f6ttliches Seelchen lasse es mich versuchen.\u201c<\/span><\/p>\n<p><span style=\"color: #000080;\">Mein g\u00f6ttlicher Seelenteil gab sein Einverst\u00e4ndnis hierzu und so schaffte ich die n\u00f6tige Verbindung. Neugierig beobachtete ich den Energiefluss von der Quelle Allen Seins zu ihm. Meine Erfahrungen besagen, dass es oftmals ratsam ist, alles genau von allen Seiten her zu betrachten und nun im Speziellen auch die Empfindungen vom meinem g\u00f6ttlichen Seelenteil. So sp\u00fcrte ich hin, wie mein g\u00f6ttlicher Seelenteil mit der Energie von der Quelle Allen Seins zurecht kam. Zu meinem Leidwesen stellte ich fest, dass ihm die Energie fremd war und er sie deshalb nicht wirklich richtig annehmen konnte. Doch warum nur, war meinem g\u00f6ttlicher Seelenteil die Energie von der Quelle Allen Seins fremd? Wie konnte so etwas sein?<\/span><\/p>\n<p><span style=\"color: #000080;\">Eine Weile gr\u00fcbelte ich \u00fcber diese neue Frage nach. Dann erhielt ich die Antwort, wie ein Geistesblitz wusste ich pl\u00f6tzlich die L\u00f6sung. Die Energie der Quelle Allen Seins besteht und war entstanden aus der Liebe heraus. Die Energie, mit der sich mein g\u00f6ttlicher Seelenteil seit einer halben Ewigkeit umgab, war geboren aus dem Leid heraus.<\/span><\/p>\n<p><span style=\"color: #000080;\">Erneut verband ich mich mit meinem g\u00f6ttlichen Seelenteil. \u201eG\u00f6ttliches Seelchen,\u201c, sprach ich, \u201edu erkennst die Energie der Quelle Allen Seins nicht mehr, weil sie eine Energie der Liebe ist. Du hast dich immer mit Leidenergie umgeben, diese schwingt viel niedriger. Bitte nimm die Energie der Liebe wieder an und orientiere dich um und zwar auf sie.<\/span><\/p>\n<p><span style=\"color: #000080;\">Energie, die aus dem Leid heraus entsteht, str\u00f6mt mit einer weit aus gr\u00f6\u00dferen Heftigkeit als eine Energie, die aus der Liebe heraus entstanden ist. Deshalb hat es den Anschein, dass aus dem Leid bei weitem mehr Energie entsteht als aus der Liebe heraus, aber das ist eine Illusion. Energie aus Leid ist auch sehr viel schneller aufgebraucht, sie h\u00e4lt sich irgendwie nicht lange. Bitte erinnere dich. Energie aus Liebe hingegen schon. Sie flie\u00dft fein und zart, sie ist best\u00e4ndig und h\u00e4lt sehr, sehr lang an.\u201c<\/span><\/p>\n<p><span style=\"color: #000080;\">Pl\u00f6tzlich sp\u00fcrte ich, wie meine g\u00f6ttliche Seele sich f\u00fcllte mit der Energie der Liebe aus der Quelle Allen Seins.<\/span><\/p>\n<p><span style=\"color: #000080;\">\u00a0<\/span><\/p>\n<p><span style=\"color: #000080;\">\u201eBitte g\u00f6ttliches Seelchen,\u201c so sprach ich weiter, \u201eEnergie, die aus Leid entstanden ist, erschafft neues Leid in irgendeiner Form. Energie aus Liebe erschafft Liebe. Das ist ein kosmisches Gesetz.<\/span><\/p>\n<p><span style=\"color: #000080;\">G\u00f6ttliches Seelchen, ich liebe dich und ich bin nicht hier um dein Handeln zu bewerten. Ich verstehe dein Tun nur zu gut, denn auch ich kenne Mangel. Aber bitte erkenne, dass durch die vielen leidvollen Inkarnationen der inkarnierte Seelenteil selbst in das Leid gegangen ist. Er hat Angst vor dir! Und Angst, dass du ihn wieder in den Schmerz schickst. Er hat Angst zu inkarnieren und will nicht mehr leiden. Bei jeder leidvollen Inkarnation hat er einen Teil seiner Selbst von sich abgespalten und ist nun sehr zerfranst. \u00dcberall sind seine Teile verstreut und f\u00fcr die Heilung bedarf es, dass er all seine Teile wieder in sich integriert. Doch daf\u00fcr ben\u00f6tigt er Mut und jede Menge Kraft, deine Unterst\u00fctzung und auch die Heilungsmacht der Liebe.<\/span><\/p>\n<p><span style=\"color: #000080;\">Bitte erkenne, dass wahre Heilung nur entstehen kann aus einer Energie der Liebe heraus. Ich wei\u00df, sehr lange wurde \u00fcber das Leid geheilt, denn es war nicht anders m\u00f6glich. Doch jetzt ist es anders. Die Zeiten haben sich ge\u00e4ndert.<\/span><\/p>\n<p><span style=\"color: #000080;\">Bitte erkenne, dass eine Heilung, auch wenn sie noch so gro\u00dfartig und noch so erfolgreich scheint, wenn bei irgendjemanden dabei Leid entstanden ist, so flie\u00dft unweigerlich diese Leidenergie in die Heilarbeit mit ein. Diese Leidenergie l\u00f6st sp\u00e4ter erneut irgendwo neues Leid aus.<\/span><\/p>\n<p><span style=\"color: #000080;\">Ich will gerne meinem Seelenvertrag nachkommen und Sternenwesenheiten Heilungen \u00fcbermitteln, aber bitte nicht mehr \u00fcber mein Leid.<\/span><\/p>\n<p><span style=\"color: #000080;\">Bitte l\u00f6se alle meine Seelenpl\u00e4ne und Vertr\u00e4ge, die Leid in mir erschaffen. Es gibt andere Wege und ich wei\u00df, du findest sie. Bitte lass uns \u00fcber die Liebe heilen. Ich liebe dich so sehr.\u201c<\/span><\/p>\n<p><span style=\"color: #000080;\">Kurz darauf sp\u00fcrte ich, wie meine g\u00f6ttliche Seele in mir zu arbeiten begann.<\/span><br \/>\n<span style=\"color: #000080;\">\u00a0<\/span><\/p>\n<p align=\"CENTER\"><span style=\"color: #000080;\">~<\/span><\/p>\n<p><span style=\"color: #000080;\"><b>\u00dcbung zum Einflie\u00dfen lassen der g\u00f6ttlichen Liebe der Quelle Allen Seins:<\/b><\/span><\/p>\n<p><span style=\"color: #000080;\">\u00a0<\/span><\/p>\n<ul>\n<li><span style=\"color: #000080;\">Gehe in dein Herz und verbinde dich aus deinem Herzen heraus mit deinem Hohen Selbst. Sende hierzu einen Strahl deiner Liebe aus deinem Herzen hoch zu deinem Hohen Selbst.<\/span><\/li>\n<li><span style=\"color: #000080;\">Nun verbinde dich weiter \u00fcber dein Hohes Selbst mit der Quelle Allen Seins \u2013 wieder mit deinem Liebesstrahl.<\/span><\/li>\n<li><span style=\"color: #000080;\">Bitte die Quelle Allen Seins seine g\u00f6ttlichen Liebe in dein Hohes Selbst einflie\u00dfen zu lassen.<\/span><\/li>\n<li><span style=\"color: #000080;\">Bitte dein Hohes Selbst die g\u00f6ttliche Liebe in sich aufzunehmen. Lasse alles solange flie\u00dfen bis du das Gef\u00fchl hast, dass dein Hohes Selbst erf\u00fcllt ist mit der Liebe der Quelle Allen Seins.<\/span><\/li>\n<li><span style=\"color: #000080;\">Bitte dein Hohes Selbst die g\u00f6ttliche Liebe in dein Herz und somit in deinen inkarnierten Seelenteil einflie\u00dfen zulassen. Lasse erneut alles solange flie\u00dfen bis du das Gef\u00fchl hast, dass dein Herz \/ dein inkarnierter Seelenteil erf\u00fcllt sind mit der g\u00f6ttlichen Liebe.<\/span><\/li>\n<li><span style=\"color: #000080;\">Nun lasse die g\u00f6ttliche Liebe bewusst in deinen physischen K\u00f6rper, in jede Zelle, in jedes Chakra und in jeden deiner feinstofflichen K\u00f6rper einflie\u00dfen. Schenke dir und all deinen verschiedenen Teilen die Zeit, die sie ben\u00f6tigen die Liebe in sich aufzunehmen. Beobachte den Fluss und f\u00fchle die Liebe. Beobachte, wie deine einzelnen K\u00f6rperteile darauf reagieren.<\/span><\/li>\n<li><span style=\"color: #000080;\">Sage nun:<\/span>\n<p align=\"CENTER\"><span style=\"color: #000080;\">\u201e<i><b>Die Energie der Quelle Allen Seins ist erschaffen aus der Liebe. Sie ist Liebe. <\/b><\/i><\/span><\/p>\n<p align=\"CENTER\"><span style=\"color: #000080;\"><i><b>Liebe erschafft neue Liebe, Freude und F\u00fclle \u2013 in mir und in allem was ist, <\/b><\/i><\/span><\/p>\n<p align=\"CENTER\"><span style=\"color: #000080;\"><i><b>auch in meinem Leben und um mich herum.\u201c<\/b><\/i><\/span><\/p>\n<\/li>\n<\/ul>\n<p><span style=\"color: #ffffff;\">.<\/span><\/p>\n<ul>\n<li><span style=\"color: #000080;\">Bitte dein Hohes Selbst, deinen inkarnierten Seelenteil und alle Teile, die du bist, sich auf diesen g\u00f6ttlichen Liebesfluss auszurichten.<\/span><\/li>\n<li><span style=\"color: #000080;\">Bitte dein Hohes Selbst deinen Seelenplan nach dieser Liebe auszurichten. Und ganz speziell auf die Erschaffung von Energien geboren aus der Liebe heraus.<\/span><\/li>\n<\/ul>\n<p><span style=\"color: #ffffff;\">.<\/span><\/p>\n<p><span style=\"color: #000080;\">Um diesen Liebesfluss auf Dauer in Euch zu integrieren, empfehle ich diese \u00dcbung einmal t\u00e4glich. Gerne k\u00f6nnt Ihr sie auch an Eure Freunde und Interessierte weiterleiten.<\/span><\/p>\n<p><span style=\"color: #000080;\">Ich w\u00fcnsche Euch allen dabei viel Liebe und gutes Gelingen.<\/span><\/p>\n<p><span style=\"color: #000080;\">In Liebe und Freude<\/span><\/p>\n<p><span style=\"color: #000080;\">Inge\u00a0<\/span><\/p>\n<\/div>\n<p><span style=\"color: #333333;\">\u00a9 Inge Schmitzberger, November 2008. Es ist erlaubt diesen Text zu verbreiten, solange er vollst\u00e4ndig und unver\u00e4ndert unter dem Namen des Autors, sein Copyright, seine Website: www.elindra.de und dieser Hinweis mit aufgef\u00fchrt wird.<\/span><\/p>\n","protected":false},"excerpt":{"rendered":"<p>Von Inge Schmitzberger Auf dem Weg meiner Selbstfindung durfte ich mich viel mit meiner Seele auseinandersetzen. Dabei erhielt ich so manchen interessanten Einblick in diese Ebene. Eine Antwort auf eine Frage zu meiner Seelenebene, die mich seit Jahren besch\u00e4ftigte, erhielt ich nun und diese Antwort m\u00f6chte ich an alle weitergeben, die sich daf\u00fcr interessieren. Denn sie erscheint mir nicht nur wichtig, sondern sie erkl\u00e4rt uns Menschen auch sehr viel \u00fcber uns selbst, \u00fcber unseren Ursprung und \u00fcber unseren Weg durchs Universum. Nun zu meiner Frage: Vor ein paar Jahren sagte man uns in einem Seminar, dass die Seelen, sprich Hohes&hellip;<\/p>\n","protected":false},"author":1,"featured_media":0,"parent":1314,"menu_order":0,"comment_status":"closed","ping_status":"closed","template":"","meta":[],"_links":{"self":[{"href":"https:\/\/elindra.de\/index.php?rest_route=\/wp\/v2\/pages\/86"}],"collection":[{"href":"https:\/\/elindra.de\/index.php?rest_route=\/wp\/v2\/pages"}],"about":[{"href":"https:\/\/elindra.de\/index.php?rest_route=\/wp\/v2\/types\/page"}],"author":[{"embeddable":true,"href":"https:\/\/elindra.de\/index.php?rest_route=\/wp\/v2\/users\/1"}],"replies":[{"embeddable":true,"href":"https:\/\/elindra.de\/index.php?rest_route=%2Fwp%2Fv2%2Fcomments&post=86"}],"version-history":[{"count":21,"href":"https:\/\/elindra.de\/index.php?rest_route=\/wp\/v2\/pages\/86\/revisions"}],"predecessor-version":[{"id":2528,"href":"https:\/\/elindra.de\/index.php?rest_route=\/wp\/v2\/pages\/86\/revisions\/2528"}],"up":[{"embeddable":true,"href":"https:\/\/elindra.de\/index.php?rest_route=\/wp\/v2\/pages\/1314"}],"wp:attachment":[{"href":"https:\/\/elindra.de\/index.php?rest_route=%2Fwp%2Fv2%2Fmedia&parent=86"}],"curies":[{"name":"wp","href":"https:\/\/api.w.org\/{rel}","templated":true}]}}