{"id":9,"date":"2008-01-27T17:32:25","date_gmt":"2008-01-27T16:32:25","guid":{"rendered":"http:\/\/eumel59.de\/wordpress3\/?page_id=12"},"modified":"2026-04-03T15:51:21","modified_gmt":"2026-04-03T14:51:21","slug":"seminare","status":"publish","type":"page","link":"https:\/\/elindra.de\/?page_id=9","title":{"rendered":"Seminare"},"content":{"rendered":"\n<div class=\"wp-container-1 wp-block-group\"><div class=\"wp-block-group__inner-container\">\n<h3><span style=\"color: #000080;\">Erweckte &#8222;Mu&#8220; die Liebe Lemuriens wieder in Dir<\/span><\/h3>\n<p class=\"western\">Einst &#8230; zu lemuriansichen Zeiten &#8230; war eine g\u00f6ttliche und alles vereinende Liebe auf Erden &#8211; kurz &#8222;Mu&#8220; genannt. F\u00fchlbar, greifbar f\u00fcr alle Wesen &#8230; alles war erf\u00fcllt mit dieser alles umfassende Liebe.<br \/><br \/>Doch dann &#8230; brach die Dunkelheit herein und die Liebe wurde der Erde und auch unseren Herzen entrissen. Finsternis, K\u00e4lte und Einsamkeit erf\u00fcllte pl\u00f6tzlich unser Herz. Bruder begann gegen Bruder zu k\u00e4mpfen &#8230; Hass und Neid gewannen an Macht und dies f\u00fcr eine unendlich lange Zeit.<br \/><br \/>Doch schlie\u00dflich kam die Wende.<br \/>Die Erde erhob ich immer mehr aus der Dunkelheit und es wurde langsam wieder lichter auf Erden und in unseren Herzen. Die Schwingungserh\u00f6hung der Erde erm\u00f6glichte der g\u00f6ttliche Liebe Lemuriens &#8222;Mu&#8220; sich nun wieder erneut auf der Erde zu verankern. Heimzukehren zur Erde und zu uns.<br \/>Sie m\u00f6chte uns umarmen und unsere Herzen heilen. Sie m\u00f6chte wieder Einzug nehmen in unsere Herzen. Es liegt nun an dir &#8230; dein Herz f\u00fcr &#8222;Mu&#8220; zu \u00f6ffnen, denn ungefragt betritt &#8222;Mu&#8220; kein Herz.<\/p>\n<p>Samstag und Sonntag 10 Uhr &#8211; ca.17 Uhr &#8211; geplant im Sept. 2026<\/p>\n<p><span style=\"color: #ffffff;\">.<\/span><\/p>\n<h3><span style=\"color: #000080;\">Ausbildung zum Geistigen Heiler<\/span><\/h3>\n<p>L\u00f6sen von emotionalen Befangenheiten unter anderem durch Quantenheilungstechniken, Aufstellungsarbeit, Clearings, Seelenheilung, Ahnenreihe, Familienschild,\u00a0 Channelings, Inkarnationsebene, Sterneninkarnationsebene<\/p>\n<p>geplant 6 Samstage\u00a0ab Oktober 2026\u00a0 \u00a0<\/p>\n<p><span style=\"color: #ffffff;\">.<\/span><\/p>\n<h6><span style=\"color: #000080;\"><em><strong>Info und Anmeldung auch bei:<\/strong><\/em><\/span><\/h6>\n<h5><span style=\"color: #000080;\"><em>Inge Schmitzberger<\/em><\/span><\/h5>\n<address><span style=\"color: #000080;\">K\u00f6hler Str. 12, D \u2013 83137 Schonstett<\/span><\/address><address><span style=\"color: #000080;\">Handy: 0049-(0)162-9523951<\/span><\/address><address><span style=\"color: #000080;\">e-mail: <a style=\"color: #000080;\" href=\"http:\/\/elindra.de\/?page_id=11\">inge@elindra.de<\/a><\/span><\/address><address><span style=\"color: #ffffff;\">.<\/span><\/address>\n<p style=\"color: #2603c9;\"><span style=\"color: #000080;\">\u00a0<\/span><\/p>\n<\/div><\/div>\n","protected":false},"excerpt":{"rendered":"<p>Erweckte &#8222;Mu&#8220; die Liebe Lemuriens wieder in Dir Einst &#8230; zu lemuriansichen Zeiten &#8230; war eine g\u00f6ttliche und alles vereinende Liebe auf Erden &#8211; kurz &#8222;Mu&#8220; genannt. F\u00fchlbar, greifbar f\u00fcr alle Wesen &#8230; alles war erf\u00fcllt mit dieser alles umfassende Liebe. Doch dann &#8230; brach die Dunkelheit herein und die Liebe wurde der Erde und auch unseren Herzen entrissen. Finsternis, K\u00e4lte und Einsamkeit erf\u00fcllte pl\u00f6tzlich unser Herz. Bruder begann gegen Bruder zu k\u00e4mpfen &#8230; Hass und Neid gewannen an Macht und dies f\u00fcr eine unendlich lange Zeit. Doch schlie\u00dflich kam die Wende.Die Erde erhob ich immer mehr aus der Dunkelheit&hellip;<\/p>\n","protected":false},"author":1,"featured_media":0,"parent":0,"menu_order":2,"comment_status":"closed","ping_status":"closed","template":"sitemap.php","meta":[],"_links":{"self":[{"href":"https:\/\/elindra.de\/index.php?rest_route=\/wp\/v2\/pages\/9"}],"collection":[{"href":"https:\/\/elindra.de\/index.php?rest_route=\/wp\/v2\/pages"}],"about":[{"href":"https:\/\/elindra.de\/index.php?rest_route=\/wp\/v2\/types\/page"}],"author":[{"embeddable":true,"href":"https:\/\/elindra.de\/index.php?rest_route=\/wp\/v2\/users\/1"}],"replies":[{"embeddable":true,"href":"https:\/\/elindra.de\/index.php?rest_route=%2Fwp%2Fv2%2Fcomments&post=9"}],"version-history":[{"count":297,"href":"https:\/\/elindra.de\/index.php?rest_route=\/wp\/v2\/pages\/9\/revisions"}],"predecessor-version":[{"id":13545,"href":"https:\/\/elindra.de\/index.php?rest_route=\/wp\/v2\/pages\/9\/revisions\/13545"}],"wp:attachment":[{"href":"https:\/\/elindra.de\/index.php?rest_route=%2Fwp%2Fv2%2Fmedia&parent=9"}],"curies":[{"name":"wp","href":"https:\/\/api.w.org\/{rel}","templated":true}]}}